{"id":1318,"date":"2021-11-21T15:14:19","date_gmt":"2021-11-21T15:14:19","guid":{"rendered":"https:\/\/horecafs.org\/index.php\/about-2\/"},"modified":"2024-09-19T15:17:50","modified_gmt":"2024-09-19T15:17:50","slug":"about","status":"publish","type":"page","link":"https:\/\/horecafs.org\/web\/about\/","title":{"rendered":"About"},"content":{"rendered":"<p>[et_pb_section fb_built=&#8221;1&#8243; fullwidth=&#8221;on&#8221; _builder_version=&#8221;4.19.4&#8243; _module_preset=&#8221;default&#8221; background_enable_image=&#8221;off&#8221; hover_enabled=&#8221;0&#8243; global_colors_info=&#8221;{}&#8221; sticky_enabled=&#8221;0&#8243;][et_pb_fullwidth_header title=&#8221;About the project Horeca&#8221; background_overlay_color=&#8221;rgba(40,0,186,0.52)&#8221; _builder_version=&#8221;4.19.4&#8243; _module_preset=&#8221;default&#8221; background_enable_color=&#8221;off&#8221; background_image=&#8221;https:\/\/horecafs.org\/web\/wp-content\/uploads\/2023\/01\/blue-1_ext-1.png&#8221; child_filter_opacity=&#8221;13%&#8221; global_colors_info=&#8221;{}&#8221;][\/et_pb_fullwidth_header][\/et_pb_section][et_pb_section fb_built=&#8221;1&#8243; _builder_version=&#8221;4.19.4&#8243; _module_preset=&#8221;default&#8221; global_colors_info=&#8221;{}&#8221;][et_pb_row column_structure=&#8221;1_3,2_3&#8243; _builder_version=&#8221;4.19.4&#8243; _module_preset=&#8221;default&#8221; global_colors_info=&#8221;{}&#8221;][et_pb_column type=&#8221;1_3&#8243; _builder_version=&#8221;4.19.4&#8243; _module_preset=&#8221;default&#8221; global_colors_info=&#8221;{}&#8221;][et_pb_text _builder_version=&#8221;4.19.4&#8243; _module_preset=&#8221;default&#8221; global_colors_info=&#8221;{}&#8221;]<\/p>\n<h1 style=\"text-align: center;\">Objectives of the project:<\/h1>\n<p>[\/et_pb_text][et_pb_image src=&#8221;https:\/\/horecafs.org\/web\/wp-content\/uploads\/2022\/12\/final-pribor-zelene-prekreslene-tien.png&#8221; title_text=&#8221;final pr\u00edbor &#8211; zelen\u00e9 prekreslen\u00e9 &#8211; tie\u0148&#8221; align=&#8221;center&#8221; _builder_version=&#8221;4.19.4&#8243; _module_preset=&#8221;default&#8221; max_height=&#8221;170px&#8221; global_colors_info=&#8221;{}&#8221;][\/et_pb_image][\/et_pb_column][et_pb_column type=&#8221;2_3&#8243; _builder_version=&#8221;4.19.4&#8243; _module_preset=&#8221;default&#8221; global_colors_info=&#8221;{}&#8221;][et_pb_text _builder_version=&#8221;4.19.4&#8243; _module_preset=&#8221;default&#8221; global_colors_info=&#8221;{}&#8221;]<\/p>\n<p><strong>The main goal of the project is to raise HORECA workers\u2019&#8217; digital awareness related to food safety and hygiene practices.<\/strong><\/p>\n<p>Based on the main goal the specific objectives of the project are:<\/p>\n<ul>\n<li>\u00a0To support conscious HORECA workers, reduce unfair competition on food marketing<\/li>\n<li>\u00a0To provide learning and training opportunities for low skilled HORECA workers<\/li>\n<li>\u00a0To increase the work capacities of Horeca workers who have less opportunities by improving their key competences<\/li>\n<\/ul>\n<p>[\/et_pb_text][\/et_pb_column][\/et_pb_row][\/et_pb_section][et_pb_section fb_built=&#8221;1&#8243; fullwidth=&#8221;on&#8221; _builder_version=&#8221;4.19.4&#8243; _module_preset=&#8221;default&#8221; global_colors_info=&#8221;{}&#8221;][et_pb_fullwidth_header title=&#8221;Impact of the project&#8221; text_orientation=&#8221;center&#8221; button_one_text=&#8221;Outputs&#8221; button_one_url=&#8221;https:\/\/horecafs.org\/web\/outputs\/&#8221; _builder_version=&#8221;4.19.4&#8243; _module_preset=&#8221;default&#8221; background_color=&#8221;#2800ba&#8221; custom_button_one=&#8221;on&#8221; button_one_icon=&#8221;&#x3d;||divi||400&#8243; link_option_url_new_window=&#8221;on&#8221; global_colors_info=&#8221;{}&#8221;]<\/p>\n<p>Project partners will provide high-quality communication and cooperation with the primary stakeholders and the provision of project outputs to many end-users via these stakeholders. so they will ensure that the multiplier effect is high<b>.<\/b><\/p>\n<p>[\/et_pb_fullwidth_header][\/et_pb_section][et_pb_section fb_built=&#8221;1&#8243; _builder_version=&#8221;4.19.4&#8243; _module_preset=&#8221;default&#8221; global_colors_info=&#8221;{}&#8221;][et_pb_row _builder_version=&#8221;4.19.4&#8243; _module_preset=&#8221;default&#8221; global_colors_info=&#8221;{}&#8221;][et_pb_column type=&#8221;4_4&#8243; _builder_version=&#8221;4.19.4&#8243; _module_preset=&#8221;default&#8221; global_colors_info=&#8221;{}&#8221;][et_pb_text _builder_version=&#8221;4.19.4&#8243; _module_preset=&#8221;default&#8221; global_colors_info=&#8221;{}&#8221;]<\/p>\n<h3 style=\"text-align: center;\">Impact on professionals:<\/h3>\n<p>[\/et_pb_text][\/et_pb_column][\/et_pb_row][et_pb_row column_structure=&#8221;1_2,1_2&#8243; _builder_version=&#8221;4.19.4&#8243; _module_preset=&#8221;default&#8221; border_width_bottom=&#8221;5px&#8221; border_color_bottom=&#8221;RGBA(40,0,186,0.8)&#8221; global_colors_info=&#8221;{}&#8221;][et_pb_column type=&#8221;1_2&#8243; _builder_version=&#8221;4.19.4&#8243; _module_preset=&#8221;default&#8221; global_colors_info=&#8221;{}&#8221;][et_pb_text _builder_version=&#8221;4.19.4&#8243; _module_preset=&#8221;default&#8221; global_colors_info=&#8221;{}&#8221;]<\/p>\n<h3><\/h3>\n<p><strong>For professionals who work in the sector to have the training, tools and strategies will have:<\/strong><\/p>\n<ul>\n<li>Acquisition of new professional, social and intercultural competences, thanks to the comparison with other European educators of strategies and educational approaches, sharing with other colleagues<\/li>\n<li>Ability to integrate and adapt to the international workplace, the ability to adapt to change and the flexibility to work<\/li>\n<\/ul>\n<p>[\/et_pb_text][\/et_pb_column][et_pb_column type=&#8221;1_2&#8243; _builder_version=&#8221;4.19.4&#8243; _module_preset=&#8221;default&#8221; global_colors_info=&#8221;{}&#8221;][et_pb_text _builder_version=&#8221;4.19.4&#8243; _module_preset=&#8221;default&#8221; global_colors_info=&#8221;{}&#8221;]<\/p>\n<p><strong>At European level, providing them with:<\/strong><\/p>\n<ul>\n<li>Interpersonal skills in new work contexts;<\/li>\n<li>Intercultural and European sensitization;<\/li>\n<li>Language skills or related to the spoken language in the host country and\/or English, the working language.<\/li>\n<li>Skills or ICT derived from the great use of digital and multimedia tools used during the project and the use of all communication languages, iconic, conventional and emotional.<\/li>\n<\/ul>\n<p>[\/et_pb_text][\/et_pb_column][\/et_pb_row][et_pb_row use_custom_gutter=&#8221;on&#8221; _builder_version=&#8221;4.19.4&#8243; _module_preset=&#8221;default&#8221; border_width_bottom=&#8221;5px&#8221; border_color_bottom=&#8221;RGBA(40,0,186,0.8)&#8221; global_colors_info=&#8221;{}&#8221;][et_pb_column type=&#8221;4_4&#8243; _builder_version=&#8221;4.19.4&#8243; _module_preset=&#8221;default&#8221; global_colors_info=&#8221;{}&#8221;][et_pb_text _builder_version=&#8221;4.19.4&#8243; _module_preset=&#8221;default&#8221; global_colors_info=&#8221;{}&#8221;]<\/p>\n<h3 style=\"text-align: center;\">Impact on HORECA workers:<\/h3>\n<p>[\/et_pb_text][et_pb_text _builder_version=&#8221;4.19.4&#8243; _module_preset=&#8221;default&#8221; global_colors_info=&#8221;{}&#8221;]<\/p>\n<h3 style=\"text-align: center;\"><\/h3>\n<p style=\"text-align: justify;\">Developed materials are directly related to HORECA workers not only in the countries of project partners but also in every part of Europe, because developed strategies aim to improve the quality and efficiency of training environments, especially in the fields of enhancing communication, improving the quality of environments will increase the opportunities of living a better and comfortable life in Europe. With the increase of those studies on food safety, HORECA workers will find a chance to gain reaching easily to the required materials. Those studies will contribute to reduce scattered information in terms of using healthy food to assist these food consumers<\/p>\n<p>[\/et_pb_text][\/et_pb_column][\/et_pb_row][\/et_pb_section][et_pb_section fb_built=&#8221;1&#8243; _builder_version=&#8221;4.19.4&#8243; _module_preset=&#8221;default&#8221; background_color=&#8221;rgba(255,255,255,0.71)&#8221; background_image=&#8221;https:\/\/horecafs.org\/wp-content\/uploads\/2022\/12\/blue-1.png&#8221; background_blend=&#8221;overlay&#8221; custom_padding=&#8221;0px|||||&#8221; global_colors_info=&#8221;{}&#8221;][et_pb_row _builder_version=&#8221;4.19.4&#8243; _module_preset=&#8221;default&#8221; global_colors_info=&#8221;{}&#8221;][et_pb_column type=&#8221;4_4&#8243; _builder_version=&#8221;4.19.4&#8243; _module_preset=&#8221;default&#8221; global_colors_info=&#8221;{}&#8221;][et_pb_text _builder_version=&#8221;4.19.4&#8243; _module_preset=&#8221;default&#8221; global_colors_info=&#8221;{}&#8221;]<\/p>\n<h1>EXPECTED RESULTS:<\/h1>\n<ul>\n<li><strong>\u00a0Pilot Trial: Pilot laboratories will Be Carried Out In Each Partner Country Testing The R1, R2,R3<\/strong><\/li>\n<li><strong>Meetings With Stakeholders: Their contributions will guarantee a better progression during the project.<\/strong><\/li>\n<li><strong>Multiplier Events: In the last months of the project, each partner will organize 1 Multiplier Event\u00a0 which will consist of panels during which all results will be shared and introduced to stakeholders, local target groups, and visitors.<\/strong><\/li>\n<li><strong>The website of the project, in English and all National Languages<\/strong><\/li>\n<li><strong>Newsletters<\/strong><\/li>\n<\/ul>\n<h3><strong>In complementing the results, the partners will also deliver the following results:<\/strong><\/h3>\n<ul>\n<li><strong>Project Management and Quality Plan<\/strong><\/li>\n<li><strong>Sharing, Exploitation, and Sustainability Plan<\/strong><\/li>\n<li><strong>Minutes following each partner project meetings (3 F2F and 2 Online)<\/strong><\/li>\n<li><strong>Reports (e.g. activity, financial, sharing &amp; promotion, Progress, Interim, Final)<\/strong><\/li>\n<li><strong>The Project logo, website, FB, Instagram, and Youtube channel, 3 Newsletters,<\/strong><\/li>\n<li><strong>350 users to access the online platform<\/strong><\/li>\n<li><strong>All materials will be produced in English and in all partner languages<\/strong><\/li>\n<\/ul>\n<p>[\/et_pb_text][\/et_pb_column][\/et_pb_row][\/et_pb_section]<\/p>\n","protected":false},"excerpt":{"rendered":"<p>Objectives of the project:The main goal of the project is to raise HORECA workers\u2019&#8217; digital awareness related to food safety and hygiene practices. Based on the main goal the specific objectives of the project are: \u00a0To support conscious HORECA workers, reduce unfair competition on food marketing \u00a0To provide learning and training opportunities for low skilled [&hellip;]<\/p>\n","protected":false},"author":1,"featured_media":0,"parent":0,"menu_order":0,"comment_status":"closed","ping_status":"closed","template":"","meta":{"_et_pb_use_builder":"on","_et_pb_old_content":"","_et_gb_content_width":"","footnotes":""},"class_list":["post-1318","page","type-page","status-publish","hentry"],"_links":{"self":[{"href":"https:\/\/horecafs.org\/web\/wp-json\/wp\/v2\/pages\/1318","targetHints":{"allow":["GET"]}}],"collection":[{"href":"https:\/\/horecafs.org\/web\/wp-json\/wp\/v2\/pages"}],"about":[{"href":"https:\/\/horecafs.org\/web\/wp-json\/wp\/v2\/types\/page"}],"author":[{"embeddable":true,"href":"https:\/\/horecafs.org\/web\/wp-json\/wp\/v2\/users\/1"}],"replies":[{"embeddable":true,"href":"https:\/\/horecafs.org\/web\/wp-json\/wp\/v2\/comments?post=1318"}],"version-history":[{"count":18,"href":"https:\/\/horecafs.org\/web\/wp-json\/wp\/v2\/pages\/1318\/revisions"}],"predecessor-version":[{"id":1810,"href":"https:\/\/horecafs.org\/web\/wp-json\/wp\/v2\/pages\/1318\/revisions\/1810"}],"wp:attachment":[{"href":"https:\/\/horecafs.org\/web\/wp-json\/wp\/v2\/media?parent=1318"}],"curies":[{"name":"wp","href":"https:\/\/api.w.org\/{rel}","templated":true}]}}