{"id":1571,"date":"2023-09-21T09:50:22","date_gmt":"2023-09-21T09:50:22","guid":{"rendered":"https:\/\/horecafs.org\/web\/?page_id=1571"},"modified":"2023-09-25T07:11:23","modified_gmt":"2023-09-25T07:11:23","slug":"o-projekte","status":"publish","type":"page","link":"https:\/\/horecafs.org\/web\/sk\/o-projekte\/","title":{"rendered":"O projekte"},"content":{"rendered":"<p>[et_pb_section fb_built=&#8221;1&#8243; fullwidth=&#8221;on&#8221; _builder_version=&#8221;4.19.4&#8243; _module_preset=&#8221;default&#8221; background_enable_image=&#8221;off&#8221; global_colors_info=&#8221;{}&#8221;][et_pb_fullwidth_header title=&#8221;O projekte Horeca&#8221; background_overlay_color=&#8221;rgba(40,0,186,0.52)&#8221; _builder_version=&#8221;4.19.4&#8243; _module_preset=&#8221;default&#8221; background_enable_color=&#8221;off&#8221; background_image=&#8221;https:\/\/horecafs.org\/web\/wp-content\/uploads\/2023\/01\/blue-1_ext-1.png&#8221; child_filter_opacity=&#8221;13%&#8221; global_colors_info=&#8221;{}&#8221;][\/et_pb_fullwidth_header][\/et_pb_section][et_pb_section fb_built=&#8221;1&#8243; _builder_version=&#8221;4.19.4&#8243; _module_preset=&#8221;default&#8221; global_colors_info=&#8221;{}&#8221;][et_pb_row column_structure=&#8221;1_3,2_3&#8243; _builder_version=&#8221;4.19.4&#8243; _module_preset=&#8221;default&#8221; global_colors_info=&#8221;{}&#8221;][et_pb_column type=&#8221;1_3&#8243; _builder_version=&#8221;4.19.4&#8243; _module_preset=&#8221;default&#8221; global_colors_info=&#8221;{}&#8221;][et_pb_text _builder_version=&#8221;4.19.4&#8243; _module_preset=&#8221;default&#8221; global_colors_info=&#8221;{}&#8221;]<\/p>\n<h1 style=\"text-align: center;\"><strong>Ciele projektu:<\/strong><\/h1>\n<p>[\/et_pb_text][et_pb_image src=&#8221;https:\/\/horecafs.org\/web\/wp-content\/uploads\/2022\/12\/final-pribor-zelene-prekreslene-tien.png&#8221; title_text=&#8221;final pr\u00edbor &#8211; zelen\u00e9 prekreslen\u00e9 &#8211; tie\u0148&#8221; align=&#8221;center&#8221; _builder_version=&#8221;4.19.4&#8243; _module_preset=&#8221;default&#8221; max_height=&#8221;170px&#8221; global_colors_info=&#8221;{}&#8221;][\/et_pb_image][\/et_pb_column][et_pb_column type=&#8221;2_3&#8243; _builder_version=&#8221;4.19.4&#8243; _module_preset=&#8221;default&#8221; global_colors_info=&#8221;{}&#8221;][et_pb_text _builder_version=&#8221;4.19.4&#8243; _module_preset=&#8221;default&#8221; global_colors_info=&#8221;{}&#8221;]<\/p>\n<p style=\"text-align: justify;\"><b>Hlavn\u00fdm cie\u013eom projektu je zv\u00fd\u0161i\u0165 digit\u00e1lne povedomie pracovn\u00edkov HORECA t\u00fdkaj\u00face sa bezpe\u010dnosti potrav\u00edn a hygienick\u00fdch postupov.<\/b><\/p>\n<p><span style=\"font-weight: 400;\">Na z\u00e1klade hlavn\u00e9ho cie\u013ea, \u0161pecifick\u00e9 ciele projektu s\u00fa:<\/span><\/p>\n<ul>\n<li style=\"font-weight: 400;\" aria-level=\"1\"><span style=\"font-weight: 400;\">Podpori\u0165 uvedomel\u00fdch pracovn\u00edkov HORECA, zn\u00ed\u017ei\u0165 nekal\u00fa konkurenciu v marketingu potrav\u00edn<\/span><\/li>\n<li style=\"font-weight: 400;\" aria-level=\"1\"><span style=\"font-weight: 400;\">Poskytova\u0165 mo\u017enosti vzdel\u00e1vania a \u0161kolenia pre n\u00edzko kvalifikovan\u00fdch pracovn\u00edkov HORECA<\/span><\/li>\n<li style=\"font-weight: 400;\" aria-level=\"1\"><span style=\"font-weight: 400;\">Zv\u00fd\u0161i\u0165 pracovn\u00e9 kapacity pracovn\u00edkov Horeca, ktor\u00ed maj\u00fa menej pr\u00edle\u017eitost\u00ed zlep\u0161en\u00edm ich k\u013e\u00fa\u010dov\u00fdch kompetenci\u00ed<\/span><\/li>\n<\/ul>\n<p>[\/et_pb_text][\/et_pb_column][\/et_pb_row][\/et_pb_section][et_pb_section fb_built=&#8221;1&#8243; fullwidth=&#8221;on&#8221; _builder_version=&#8221;4.19.4&#8243; _module_preset=&#8221;default&#8221; hover_enabled=&#8221;0&#8243; global_colors_info=&#8221;{}&#8221; sticky_enabled=&#8221;0&#8243;][et_pb_fullwidth_header title=&#8221;Dopad projektu&#8221; text_orientation=&#8221;center&#8221; button_one_text=&#8221;V\u00fdstupy&#8221; button_one_url=&#8221;https:\/\/horecafs.org\/web\/sk\/vystupy\/&#8221; _builder_version=&#8221;4.19.4&#8243; _module_preset=&#8221;default&#8221; background_color=&#8221;#2800ba&#8221; custom_button_one=&#8221;on&#8221; button_one_icon=&#8221;&#x3d;||divi||400&#8243; link_option_url_new_window=&#8221;on&#8221; hover_enabled=&#8221;0&#8243; global_colors_info=&#8221;{}&#8221; sticky_enabled=&#8221;0&#8243;]<\/p>\n<p><span style=\"font-weight: 400;\">Projektov\u00ed partneri zabezpe\u010dia kvalitn\u00fa komunik\u00e1ciu a spolupr\u00e1cu s prim\u00e1rnymi zainteresovan\u00fdmi stranami a poskytovanie v\u00fdstupov projektu mnoh\u00fdm koncov\u00fdm u\u017e\u00edvate\u013eom prostredn\u00edctvom t\u00fdchto zainteresovan\u00fdch str\u00e1n, \u010d\u00edm zabezpe\u010dia vysok\u00fd multiplika\u010dn\u00fd efekt.<\/span><\/p>\n<p>[\/et_pb_fullwidth_header][\/et_pb_section][et_pb_section fb_built=&#8221;1&#8243; _builder_version=&#8221;4.19.4&#8243; _module_preset=&#8221;default&#8221; hover_enabled=&#8221;0&#8243; global_colors_info=&#8221;{}&#8221; sticky_enabled=&#8221;0&#8243;][et_pb_row _builder_version=&#8221;4.19.4&#8243; _module_preset=&#8221;default&#8221; hover_enabled=&#8221;0&#8243; global_colors_info=&#8221;{}&#8221; sticky_enabled=&#8221;0&#8243;][et_pb_column type=&#8221;4_4&#8243; _builder_version=&#8221;4.19.4&#8243; _module_preset=&#8221;default&#8221; global_colors_info=&#8221;{}&#8221;][et_pb_text _builder_version=&#8221;4.19.4&#8243; _module_preset=&#8221;default&#8221; hover_enabled=&#8221;0&#8243; global_colors_info=&#8221;{}&#8221; sticky_enabled=&#8221;0&#8243;]<\/p>\n<h3 style=\"text-align: center;\">Dopad na profesion\u00e1lov:<\/h3>\n<p>[\/et_pb_text][\/et_pb_column][\/et_pb_row][et_pb_row column_structure=&#8221;1_2,1_2&#8243; _builder_version=&#8221;4.19.4&#8243; _module_preset=&#8221;default&#8221; border_width_bottom=&#8221;5px&#8221; border_color_bottom=&#8221;RGBA(40,0,186,0.8)&#8221; global_colors_info=&#8221;{}&#8221;][et_pb_column type=&#8221;1_2&#8243; _builder_version=&#8221;4.19.4&#8243; _module_preset=&#8221;default&#8221; global_colors_info=&#8221;{}&#8221;][et_pb_text _builder_version=&#8221;4.19.4&#8243; _module_preset=&#8221;default&#8221; global_colors_info=&#8221;{}&#8221;]<\/p>\n<h3><\/h3>\n<p><b>Pre odborn\u00edkov pracuj\u00facich v sektore: \u0161kolenia, n\u00e1stroje a strat\u00e9gie bud\u00fa ma\u0165 dopad:<\/b><\/p>\n<ul>\n<li style=\"font-weight: 400;\" aria-level=\"1\"><span style=\"font-weight: 400;\">Z\u00edskavanie nov\u00fdch odborn\u00fdch, soci\u00e1lnych a interkult\u00farnych kompetenci\u00ed v\u010faka porovn\u00e1vaniu strat\u00e9gi\u00ed a vzdel\u00e1vac\u00edch pr\u00edstupov s in\u00fdmi eur\u00f3pskymi pedag\u00f3gmi, zdie\u013eanie s ostatn\u00fdmi kolegami<\/span><\/li>\n<li style=\"font-weight: 400;\" aria-level=\"1\"><span style=\"font-weight: 400;\">Schopnos\u0165 integrova\u0165 sa a prisp\u00f4sobi\u0165 sa medzin\u00e1rodn\u00e9mu pracovisku, schopnos\u0165 prisp\u00f4sobi\u0165 sa zmen\u00e1m a flexibilita v pr\u00e1ci<\/span><\/li>\n<\/ul>\n<p>[\/et_pb_text][\/et_pb_column][et_pb_column type=&#8221;1_2&#8243; _builder_version=&#8221;4.19.4&#8243; _module_preset=&#8221;default&#8221; global_colors_info=&#8221;{}&#8221;][et_pb_text _builder_version=&#8221;4.19.4&#8243; _module_preset=&#8221;default&#8221; global_colors_info=&#8221;{}&#8221;]<b>Na eur\u00f3pskej \u00farovni im poskytn\u00fa\u0165:<\/b><\/p>\n<ul>\n<li style=\"font-weight: 400;\" aria-level=\"1\"><span style=\"font-weight: 400;\">Interperson\u00e1lne zru\u010dnosti v nov\u00fdch pracovn\u00fdch kontextoch;<\/span><\/li>\n<li style=\"font-weight: 400;\" aria-level=\"1\"><span style=\"font-weight: 400;\">Medzikult\u00farnu a eur\u00f3psku senzibiliz\u00e1ciu;<\/span><\/li>\n<li style=\"font-weight: 400;\" aria-level=\"1\"><span style=\"font-weight: 400;\">Jazykov\u00e9 znalosti alebo znalosti s\u00favisiace s hovoren\u00fdm jazykom v hostite\u013eskej krajine a\/alebo angli\u010dtinu ako pracovn\u00fd jazyk.<\/span><\/li>\n<li style=\"font-weight: 400;\" aria-level=\"1\"><span style=\"font-weight: 400;\">Zru\u010dnosti alebo IKT odvoden\u00e9 od ve\u013ek\u00e9ho vyu\u017e\u00edvania digit\u00e1lnych a multimedi\u00e1lnych n\u00e1strojov pou\u017e\u00edvan\u00fdch po\u010das projektu a pou\u017e\u00edvania v\u0161etk\u00fdch komunika\u010dn\u00fdch jazykov, ikonick\u00fdch, konven\u010dn\u00fdch a emocion\u00e1lnych.<\/span><\/li>\n<\/ul>\n<p>[\/et_pb_text][\/et_pb_column][\/et_pb_row][et_pb_row use_custom_gutter=&#8221;on&#8221; _builder_version=&#8221;4.19.4&#8243; _module_preset=&#8221;default&#8221; border_width_bottom=&#8221;5px&#8221; border_color_bottom=&#8221;RGBA(40,0,186,0.8)&#8221; global_colors_info=&#8221;{}&#8221;][et_pb_column type=&#8221;4_4&#8243; _builder_version=&#8221;4.19.4&#8243; _module_preset=&#8221;default&#8221; global_colors_info=&#8221;{}&#8221;][et_pb_text _builder_version=&#8221;4.19.4&#8243; _module_preset=&#8221;default&#8221; global_colors_info=&#8221;{}&#8221;]<\/p>\n<h3 style=\"text-align: center;\"><strong>Dopad na pracovn\u00edkov HORECA<\/strong><\/h3>\n<p>[\/et_pb_text][et_pb_text _builder_version=&#8221;4.19.4&#8243; _module_preset=&#8221;default&#8221; global_colors_info=&#8221;{}&#8221;]<\/p>\n<h3 style=\"text-align: center;\"><\/h3>\n<p><span style=\"font-weight: 400;\">Vyvinut\u00e9 materi\u00e1ly priamo s\u00favisia s pracovn\u00edkmi HORECA nielen v krajin\u00e1ch partnerov projektu, ale aj v ka\u017edej \u010dasti Eur\u00f3py, preto\u017ee vypracovan\u00e9 strat\u00e9gie maj\u00fa za cie\u013e zlep\u0161i\u0165 kvalitu a efekt\u00edvnos\u0165 \u0161koliaceho prostredia, najm\u00e4 v oblastiach zlep\u0161ovania komunik\u00e1cie. Zlep\u0161ovanie kvality prostredia zv\u00fd\u0161i mo\u017enosti na lep\u0161\u00ed a pohodlnej\u0161\u00ed \u017eivot v Eur\u00f3pe S n\u00e1rastom \u0161t\u00fadi\u00ed o bezpe\u010dnosti potrav\u00edn n\u00e1jdu pracovn\u00edci HORECA \u0161ancu \u013eahko sa dosta\u0165 k po\u017eadovan\u00fdm materi\u00e1lom. Tieto \u0161t\u00fadie prispej\u00fa k zn\u00ed\u017eeniu rozpt\u00fdlen\u00fdch inform\u00e1ci\u00ed, v zmysle pou\u017e\u00edvania zdrav\u00fdch potrav\u00edn\u00a0 a napom\u00f4c\u0165 t\u00fdmto spotrebite\u013eom potrav\u00edn<\/span><br \/>\n[\/et_pb_text][\/et_pb_column][\/et_pb_row][\/et_pb_section][et_pb_section fb_built=&#8221;1&#8243; _builder_version=&#8221;4.19.4&#8243; _module_preset=&#8221;default&#8221; background_color=&#8221;rgba(255,255,255,0.71)&#8221; background_image=&#8221;https:\/\/horecafs.org\/wp-content\/uploads\/2022\/12\/blue-1.png&#8221; background_blend=&#8221;overlay&#8221; custom_padding=&#8221;0px|||||&#8221; global_colors_info=&#8221;{}&#8221;][et_pb_row _builder_version=&#8221;4.19.4&#8243; _module_preset=&#8221;default&#8221; global_colors_info=&#8221;{}&#8221;][et_pb_column type=&#8221;4_4&#8243; _builder_version=&#8221;4.19.4&#8243; _module_preset=&#8221;default&#8221; global_colors_info=&#8221;{}&#8221;][et_pb_text _builder_version=&#8221;4.19.4&#8243; _module_preset=&#8221;default&#8221; global_colors_info=&#8221;{}&#8221;]<\/p>\n<h1><span style=\"font-weight: 400;\">O\u010cAK\u00c1VAN\u00c9 V\u00ddSLEDKY<\/span><\/h1>\n<ul>\n<li style=\"font-weight: 400;\" aria-level=\"1\"><span style=\"font-weight: 400;\">Pilotn\u00fd test: Pilotn\u00e9 laborat\u00f3ri\u00e1 sa uskuto\u010dnia v ka\u017edej partnerskej krajine a bud\u00fa testova\u0165 R1, R2, R3<\/span><\/li>\n<li style=\"font-weight: 400;\" aria-level=\"1\"><span style=\"font-weight: 400;\">Stretnutia so zainteresovan\u00fdmi stranami: Ich pr\u00edspevky zaru\u010dia lep\u0161\u00ed postup po\u010das projektu.<\/span><\/li>\n<li style=\"font-weight: 400;\" aria-level=\"1\"><span style=\"font-weight: 400;\">Multiplika\u010dn\u00e9 podujatia: V posledn\u00fdch mesiacoch projektu ka\u017ed\u00fd partner zorganizuje 1 multiplika\u010dn\u00e9 podujatie, ktor\u00e9 bude pozost\u00e1va\u0165 z panelov, po\u010das ktor\u00fdch bud\u00fa v\u0161etky v\u00fdsledky zdie\u013ean\u00e9 a predstaven\u00e9 zainteresovan\u00fdm stran\u00e1m, miestnym cie\u013eov\u00fdm skupin\u00e1m a n\u00e1v\u0161tevn\u00edkom.<\/span><\/li>\n<li style=\"font-weight: 400;\" aria-level=\"1\"><span style=\"font-weight: 400;\">Webov\u00e1 str\u00e1nka projektu v angli\u010dtine a v\u0161etk\u00fdch n\u00e1rodn\u00fdch jazykoch<\/span><\/li>\n<li style=\"font-weight: 400;\" aria-level=\"1\"><span style=\"font-weight: 400;\">Informa\u010dn\u00e9 bulletiny<\/span><\/li>\n<\/ul>\n<h3><span style=\"font-weight: 400;\">Po\u010das dop\u013a\u0148ania v\u00fdsledkov partneri poskytn\u00fa aj nasledovn\u00e9 v\u00fdsledky:<\/span><\/h3>\n<ul>\n<li style=\"font-weight: 400;\" aria-level=\"1\"><span style=\"font-weight: 400;\">Projektov\u00fd mana\u017ement a pl\u00e1n kvality<\/span><\/li>\n<li style=\"font-weight: 400;\" aria-level=\"1\"><span style=\"font-weight: 400;\">Pl\u00e1n zdie\u013eania, vyu\u017e\u00edvania a udr\u017eate\u013enosti<\/span><\/li>\n<li style=\"font-weight: 400;\" aria-level=\"1\"><span style=\"font-weight: 400;\">Z\u00e1pis po ka\u017edom stretnut\u00ed partnersk\u00e9ho projektu (3 osobn\u00e9 a 2 online)<\/span><\/li>\n<li style=\"font-weight: 400;\" aria-level=\"1\"><span style=\"font-weight: 400;\">Reporty (napr. aktivity, finan\u010dn\u00e9, zdie\u013eanie a propag\u00e1cia, progres, priebe\u017en\u00e9 spr\u00e1vy, kone\u010dn\u00e9 spr\u00e1vy)<\/span><\/li>\n<li style=\"font-weight: 400;\" aria-level=\"1\"><span style=\"font-weight: 400;\">Logo projektu, webov\u00e1 str\u00e1nka, FB, Instagram a kan\u00e1l Youtube, 3 bulletiny,<\/span><\/li>\n<li style=\"font-weight: 400;\" aria-level=\"1\"><span style=\"font-weight: 400;\">350 pou\u017e\u00edvate\u013eov s pr\u00edstupom k online platforme<\/span><\/li>\n<li style=\"font-weight: 400;\" aria-level=\"1\"><span style=\"font-weight: 400;\">V\u0161etky materi\u00e1ly bud\u00fa vytvoren\u00e9 v angli\u010dtine a vo v\u0161etk\u00fdch partnersk\u00fdch jazykoch<\/span><\/li>\n<\/ul>\n<p>[\/et_pb_text][\/et_pb_column][\/et_pb_row][\/et_pb_section]<\/p>\n","protected":false},"excerpt":{"rendered":"<p>Ciele projektu: Hlavn\u00fdm cie\u013eom projektu je zv\u00fd\u0161i\u0165 digit\u00e1lne povedomie pracovn\u00edkov HORECA t\u00fdkaj\u00face sa bezpe\u010dnosti potrav\u00edn a hygienick\u00fdch postupov. Na z\u00e1klade hlavn\u00e9ho cie\u013ea, \u0161pecifick\u00e9 ciele projektu s\u00fa: Podpori\u0165 uvedomel\u00fdch pracovn\u00edkov HORECA, zn\u00ed\u017ei\u0165 nekal\u00fa konkurenciu v marketingu potrav\u00edn Poskytova\u0165 mo\u017enosti vzdel\u00e1vania a \u0161kolenia pre n\u00edzko kvalifikovan\u00fdch pracovn\u00edkov HORECA Zv\u00fd\u0161i\u0165 pracovn\u00e9 kapacity pracovn\u00edkov Horeca, ktor\u00ed maj\u00fa menej pr\u00edle\u017eitost\u00ed [&hellip;]<\/p>\n","protected":false},"author":1,"featured_media":0,"parent":0,"menu_order":0,"comment_status":"closed","ping_status":"closed","template":"","meta":{"_et_pb_use_builder":"on","_et_pb_old_content":"","_et_gb_content_width":"","footnotes":""},"class_list":["post-1571","page","type-page","status-publish","hentry"],"_links":{"self":[{"href":"https:\/\/horecafs.org\/web\/wp-json\/wp\/v2\/pages\/1571","targetHints":{"allow":["GET"]}}],"collection":[{"href":"https:\/\/horecafs.org\/web\/wp-json\/wp\/v2\/pages"}],"about":[{"href":"https:\/\/horecafs.org\/web\/wp-json\/wp\/v2\/types\/page"}],"author":[{"embeddable":true,"href":"https:\/\/horecafs.org\/web\/wp-json\/wp\/v2\/users\/1"}],"replies":[{"embeddable":true,"href":"https:\/\/horecafs.org\/web\/wp-json\/wp\/v2\/comments?post=1571"}],"version-history":[{"count":6,"href":"https:\/\/horecafs.org\/web\/wp-json\/wp\/v2\/pages\/1571\/revisions"}],"predecessor-version":[{"id":1726,"href":"https:\/\/horecafs.org\/web\/wp-json\/wp\/v2\/pages\/1571\/revisions\/1726"}],"wp:attachment":[{"href":"https:\/\/horecafs.org\/web\/wp-json\/wp\/v2\/media?parent=1571"}],"curies":[{"name":"wp","href":"https:\/\/api.w.org\/{rel}","templated":true}]}}