{"id":1637,"date":"2023-09-22T08:49:01","date_gmt":"2023-09-22T08:49:01","guid":{"rendered":"https:\/\/horecafs.org\/web\/?page_id=1637"},"modified":"2023-09-25T07:13:49","modified_gmt":"2023-09-25T07:13:49","slug":"acerca-de","status":"publish","type":"page","link":"https:\/\/horecafs.org\/web\/es\/acerca-de\/","title":{"rendered":"Acerca de"},"content":{"rendered":"<p>[et_pb_section fb_built=&#8221;1&#8243; fullwidth=&#8221;on&#8221; _builder_version=&#8221;4.19.4&#8243; _module_preset=&#8221;default&#8221; background_enable_image=&#8221;off&#8221; global_colors_info=&#8221;{}&#8221;][et_pb_fullwidth_header title=&#8221;Sobre el proyecto&#8221; background_overlay_color=&#8221;rgba(40,0,186,0.52)&#8221; _builder_version=&#8221;4.19.4&#8243; _module_preset=&#8221;default&#8221; background_enable_color=&#8221;off&#8221; background_image=&#8221;https:\/\/horecafs.org\/web\/wp-content\/uploads\/2023\/01\/blue-1_ext-1.png&#8221; child_filter_opacity=&#8221;13%&#8221; hover_enabled=&#8221;0&#8243; global_colors_info=&#8221;{}&#8221; sticky_enabled=&#8221;0&#8243;][\/et_pb_fullwidth_header][\/et_pb_section][et_pb_section fb_built=&#8221;1&#8243; _builder_version=&#8221;4.19.4&#8243; _module_preset=&#8221;default&#8221; global_colors_info=&#8221;{}&#8221;][et_pb_row column_structure=&#8221;1_3,2_3&#8243; _builder_version=&#8221;4.19.4&#8243; _module_preset=&#8221;default&#8221; global_colors_info=&#8221;{}&#8221;][et_pb_column type=&#8221;1_3&#8243; _builder_version=&#8221;4.19.4&#8243; _module_preset=&#8221;default&#8221; global_colors_info=&#8221;{}&#8221;][et_pb_text _builder_version=&#8221;4.19.4&#8243; _module_preset=&#8221;default&#8221; global_colors_info=&#8221;{}&#8221;]<\/p>\n<h1 style=\"text-align: center;\"><strong>Objetivos del proyecto:<\/strong><\/h1>\n<p>[\/et_pb_text][et_pb_image src=&#8221;https:\/\/horecafs.org\/web\/wp-content\/uploads\/2022\/12\/final-pribor-zelene-prekreslene-tien.png&#8221; title_text=&#8221;final pr\u00edbor &#8211; zelen\u00e9 prekreslen\u00e9 &#8211; tie\u0148&#8221; align=&#8221;center&#8221; _builder_version=&#8221;4.19.4&#8243; _module_preset=&#8221;default&#8221; max_height=&#8221;170px&#8221; global_colors_info=&#8221;{}&#8221;][\/et_pb_image][\/et_pb_column][et_pb_column type=&#8221;2_3&#8243; _builder_version=&#8221;4.19.4&#8243; _module_preset=&#8221;default&#8221; global_colors_info=&#8221;{}&#8221;][et_pb_text _builder_version=&#8221;4.19.4&#8243; _module_preset=&#8221;default&#8221; global_colors_info=&#8221;{}&#8221;]<\/p>\n<p><b>El objetivo principal del proyecto es aumentar la conciencia digital de los trabajadores de HORECA en relaci\u00f3n con las pr\u00e1cticas de higiene y seguridad alimentaria.<\/b><\/p>\n<p><span style=\"font-weight: 400;\">En base al objetivo principal, los objetivos espec\u00edficos del proyecto son:<\/span><\/p>\n<ul>\n<li><span style=\"font-weight: 400;\">Apoyar a los trabajadores HORECA y reducir la competencia desleal en la comercializaci\u00f3n de alimentos<\/span><\/li>\n<li><span style=\"font-weight: 400;\">Proporcionar oportunidades de aprendizaje y formaci\u00f3n a los trabajadores HORECA poco cualificados<\/span><\/li>\n<li><span style=\"font-weight: 400;\">Incrementar las capacidades laborales de los trabajadores de la hosteler\u00eda que tienen menos oportunidades mejorando sus competencias clave<\/span><\/li>\n<\/ul>\n<p>[\/et_pb_text][\/et_pb_column][\/et_pb_row][\/et_pb_section][et_pb_section fb_built=&#8221;1&#8243; fullwidth=&#8221;on&#8221; _builder_version=&#8221;4.19.4&#8243; _module_preset=&#8221;default&#8221; global_colors_info=&#8221;{}&#8221;][et_pb_fullwidth_header title=&#8221;Impacto del proyecto&#8221; text_orientation=&#8221;center&#8221; button_one_text=&#8221;Outputs&#8221; button_one_url=&#8221;https:\/\/horecafs.org\/web\/es\/resultados-del-proyecto\/&#8221; _builder_version=&#8221;4.19.4&#8243; _module_preset=&#8221;default&#8221; background_color=&#8221;#2800ba&#8221; custom_button_one=&#8221;on&#8221; button_one_icon=&#8221;&#x3d;||divi||400&#8243; link_option_url_new_window=&#8221;on&#8221; hover_enabled=&#8221;0&#8243; global_colors_info=&#8221;{}&#8221; sticky_enabled=&#8221;0&#8243;]<\/p>\n<p style=\"text-align: justify;\">Los socios del proyecto proporcionar\u00e1n una comunicaci\u00f3n y cooperaci\u00f3n de alta calidad con las principales partes interesadas y la provisi\u00f3n de productos del proyecto a muchos usuarios finales a trav\u00e9s de estas partes interesadas, por lo que se asegurar\u00e1n de que el efecto multiplicador sea alto.<\/p>\n<p>[\/et_pb_fullwidth_header][\/et_pb_section][et_pb_section fb_built=&#8221;1&#8243; _builder_version=&#8221;4.19.4&#8243; _module_preset=&#8221;default&#8221; global_colors_info=&#8221;{}&#8221;][et_pb_row _builder_version=&#8221;4.19.4&#8243; _module_preset=&#8221;default&#8221; global_colors_info=&#8221;{}&#8221;][et_pb_column type=&#8221;4_4&#8243; _builder_version=&#8221;4.19.4&#8243; _module_preset=&#8221;default&#8221; global_colors_info=&#8221;{}&#8221;][et_pb_text _builder_version=&#8221;4.19.4&#8243; _module_preset=&#8221;default&#8221; global_colors_info=&#8221;{}&#8221;]<\/p>\n<h3 style=\"text-align: center;\"><strong>Impacto en los profesionales:<\/strong><\/h3>\n<p>[\/et_pb_text][\/et_pb_column][\/et_pb_row][et_pb_row column_structure=&#8221;1_2,1_2&#8243; _builder_version=&#8221;4.19.4&#8243; _module_preset=&#8221;default&#8221; border_width_bottom=&#8221;5px&#8221; border_color_bottom=&#8221;RGBA(40,0,186,0.8)&#8221; global_colors_info=&#8221;{}&#8221;][et_pb_column type=&#8221;1_2&#8243; _builder_version=&#8221;4.19.4&#8243; _module_preset=&#8221;default&#8221; global_colors_info=&#8221;{}&#8221;][et_pb_text _builder_version=&#8221;4.19.4&#8243; _module_preset=&#8221;default&#8221; global_colors_info=&#8221;{}&#8221;]<\/p>\n<h3><\/h3>\n<p><b>Para que los profesionales que trabajan en el sector dispongan de la formaci\u00f3n, herramientas y estrategias necesitar\u00e1n:<\/b><\/p>\n<ul>\n<li><span style=\"font-weight: 400;\">Adquirir nuevas competencias profesionales, sociales e interculturales, gracias a la comparaci\u00f3n con otros educadores europeos de estrategias y enfoques educativos, compartiendo con otros compa\u00f1eros<\/span><\/li>\n<li><\/li>\n<li><span style=\"font-weight: 400;\">Capacidad para integrarse y adaptarse al lugar de trabajo internacional, as\u00ed como adaptaci\u00f3n al cambio y la flexibilidad para trabajar.<\/span><\/li>\n<\/ul>\n<p>[\/et_pb_text][\/et_pb_column][et_pb_column type=&#8221;1_2&#8243; _builder_version=&#8221;4.19.4&#8243; _module_preset=&#8221;default&#8221; global_colors_info=&#8221;{}&#8221;][et_pb_text _builder_version=&#8221;4.19.4&#8243; _module_preset=&#8221;default&#8221; global_colors_info=&#8221;{}&#8221;]<\/p>\n<p><b>A nivel europeo, proporcion\u00e1ndoles:<\/b><\/p>\n<ul>\n<li><span style=\"font-weight: 400;\">Habilidades interpersonales en nuevos contextos de trabajo;<\/span><\/li>\n<li><span style=\"font-weight: 400;\">Sensibilizaci\u00f3n intercultural y europea;<\/span><\/li>\n<li><span style=\"font-weight: 400;\">Habilidades ling\u00fc\u00edsticas o relacionadas con el idioma hablado en el pa\u00eds de acogida y\/o el ingl\u00e9s, el idioma de trabajo.<\/span><\/li>\n<li><span style=\"font-weight: 400;\">Habilidades o TIC derivadas del gran uso de herramientas digitales y multimedia utilizadas durante el proyecto y el uso de todos los lenguajes de comunicaci\u00f3n, ic\u00f3nicos, convencionales y emocionales.<\/span><\/li>\n<\/ul>\n<p>[\/et_pb_text][\/et_pb_column][\/et_pb_row][et_pb_row use_custom_gutter=&#8221;on&#8221; _builder_version=&#8221;4.19.4&#8243; _module_preset=&#8221;default&#8221; border_width_bottom=&#8221;5px&#8221; border_color_bottom=&#8221;RGBA(40,0,186,0.8)&#8221; global_colors_info=&#8221;{}&#8221;][et_pb_column type=&#8221;4_4&#8243; _builder_version=&#8221;4.19.4&#8243; _module_preset=&#8221;default&#8221; global_colors_info=&#8221;{}&#8221;][et_pb_text _builder_version=&#8221;4.19.4&#8243; _module_preset=&#8221;default&#8221; global_colors_info=&#8221;{}&#8221;]<\/p>\n<h3 style=\"text-align: center;\"><span style=\"font-weight: 400;\">Impacto en los trabajadores de HORECA<\/span>:<\/h3>\n<p>[\/et_pb_text][et_pb_text _builder_version=&#8221;4.19.4&#8243; _module_preset=&#8221;default&#8221; global_colors_info=&#8221;{}&#8221;]<\/p>\n<h3 style=\"text-align: justify;\"><\/h3>\n<p style=\"text-align: justify;\"><span style=\"font-weight: 400;\">Los materiales desarrollados est\u00e1n directamente relacionados con los trabajadores del sector HORECA no solo en los pa\u00edses de los socios del proyecto sino tambi\u00e9n en todas las regiones de Europa, porque las estrategias desarrolladas tienen como objetivo mejorar la calidad y la eficiencia de los entornos de formaci\u00f3n, sobre todo mejorando la comunicaci\u00f3n y la calidad de los ambientes de trabajo, aumentando as\u00ed las oportunidades de vivir una vida mejor y m\u00e1s c\u00f3moda en Europa. Con el aumento de los estudios sobre seguridad alimentaria, los trabajadores HORECA encontrar\u00e1n la oportunidad de beneficiarse con un acceso muy f\u00e1cil a los materiales formativos. Esos estudios contribuir\u00e1n a reducir dispersi\u00f3n de la informaci\u00f3n en t\u00e9rminos del uso de alimentos saludables para ayudar a estos consumidores de alimentos.<\/span><\/p>\n<p>[\/et_pb_text][\/et_pb_column][\/et_pb_row][\/et_pb_section][et_pb_section fb_built=&#8221;1&#8243; _builder_version=&#8221;4.19.4&#8243; _module_preset=&#8221;default&#8221; background_color=&#8221;rgba(255,255,255,0.71)&#8221; background_image=&#8221;https:\/\/horecafs.org\/wp-content\/uploads\/2022\/12\/blue-1.png&#8221; background_blend=&#8221;overlay&#8221; custom_padding=&#8221;0px|||||&#8221; global_colors_info=&#8221;{}&#8221;][et_pb_row _builder_version=&#8221;4.19.4&#8243; _module_preset=&#8221;default&#8221; global_colors_info=&#8221;{}&#8221;][et_pb_column type=&#8221;4_4&#8243; _builder_version=&#8221;4.19.4&#8243; _module_preset=&#8221;default&#8221; global_colors_info=&#8221;{}&#8221;][et_pb_text _builder_version=&#8221;4.19.4&#8243; _module_preset=&#8221;default&#8221; global_colors_info=&#8221;{}&#8221;]<\/p>\n<h1><span style=\"font-weight: 400;\">RESULTADOS PREVISTOS:<\/span><\/h1>\n<ul>\n<li><span style=\"font-weight: 400;\">Prueba piloto: se llevar\u00e1n a cabo laboratorios piloto en cada pa\u00eds asociado para probar el R1, R2, R3<\/span><\/li>\n<li><span style=\"font-weight: 400;\">Reuniones con Stakeholders: Sus aportes garantizar\u00e1n una mejor progresi\u00f3n durante el proyecto.<\/span><\/li>\n<li><span style=\"font-weight: 400;\">Eventos multiplicadores: en los \u00faltimos meses del proyecto, cada socio organizar\u00e1 1 evento multiplicador que consistir\u00e1 en paneles durante los cuales se compartir\u00e1n todos los resultados y se presentar\u00e1n a las partes interesadas, los grupos objetivo locales y los visitantes.<\/span><\/li>\n<li><span style=\"font-weight: 400;\">El sitio web del proyecto, en ingl\u00e9s y en todos los idiomas de los socios del proyecto.<\/span><\/li>\n<li><span style=\"font-weight: 400;\">Boletines<\/span><\/li>\n<\/ul>\n<h2><span style=\"font-weight: 400;\">La cumplir con los resultados, los socios tambi\u00e9n desarrollar\u00e1n los siguientes entregables:<\/span><\/h2>\n<ul>\n<li><span style=\"font-weight: 400;\">Gesti\u00f3n de Proyectos y Plan de Calidad<\/span><\/li>\n<li><span style=\"font-weight: 400;\">Plan de Participaci\u00f3n, Explotaci\u00f3n y Sostenibilidad<\/span><\/li>\n<li><span style=\"font-weight: 400;\">Actas posteriores a las reuniones de cada proyecto asociado (3 F2F y 2 en l\u00ednea)<\/span><\/li>\n<li><span style=\"font-weight: 400;\">Informes (p. ej., actividad, financiero, intercambio y promoci\u00f3n, progreso, provisional, final)<\/span><\/li>\n<li><span style=\"font-weight: 400;\">El logotipo del proyecto, sitio web, FB, Instagram y canal de Youtube, 3 boletines,<\/span><\/li>\n<li><span style=\"font-weight: 400;\">350 usuarios para acceder a la plataforma en l\u00ednea<\/span><\/li>\n<li><span style=\"font-weight: 400;\">Todos los materiales se producir\u00e1n en ingl\u00e9s y en todos los idiomas asociados.<\/span><\/li>\n<\/ul>\n<p>[\/et_pb_text][\/et_pb_column][\/et_pb_row][\/et_pb_section]<\/p>\n","protected":false},"excerpt":{"rendered":"<p>Objetivos del proyecto:El objetivo principal del proyecto es aumentar la conciencia digital de los trabajadores de HORECA en relaci\u00f3n con las pr\u00e1cticas de higiene y seguridad alimentaria. En base al objetivo principal, los objetivos espec\u00edficos del proyecto son: Apoyar a los trabajadores HORECA y reducir la competencia desleal en la comercializaci\u00f3n de alimentos Proporcionar oportunidades [&hellip;]<\/p>\n","protected":false},"author":1,"featured_media":0,"parent":0,"menu_order":0,"comment_status":"closed","ping_status":"closed","template":"","meta":{"_et_pb_use_builder":"on","_et_pb_old_content":"","_et_gb_content_width":"","footnotes":""},"class_list":["post-1637","page","type-page","status-publish","hentry"],"_links":{"self":[{"href":"https:\/\/horecafs.org\/web\/wp-json\/wp\/v2\/pages\/1637","targetHints":{"allow":["GET"]}}],"collection":[{"href":"https:\/\/horecafs.org\/web\/wp-json\/wp\/v2\/pages"}],"about":[{"href":"https:\/\/horecafs.org\/web\/wp-json\/wp\/v2\/types\/page"}],"author":[{"embeddable":true,"href":"https:\/\/horecafs.org\/web\/wp-json\/wp\/v2\/users\/1"}],"replies":[{"embeddable":true,"href":"https:\/\/horecafs.org\/web\/wp-json\/wp\/v2\/comments?post=1637"}],"version-history":[{"count":5,"href":"https:\/\/horecafs.org\/web\/wp-json\/wp\/v2\/pages\/1637\/revisions"}],"predecessor-version":[{"id":1729,"href":"https:\/\/horecafs.org\/web\/wp-json\/wp\/v2\/pages\/1637\/revisions\/1729"}],"wp:attachment":[{"href":"https:\/\/horecafs.org\/web\/wp-json\/wp\/v2\/media?parent=1637"}],"curies":[{"name":"wp","href":"https:\/\/api.w.org\/{rel}","templated":true}]}}