{"id":1653,"date":"2023-09-22T09:05:15","date_gmt":"2023-09-22T09:05:15","guid":{"rendered":"https:\/\/horecafs.org\/web\/?page_id=1653"},"modified":"2024-10-07T11:38:34","modified_gmt":"2024-10-07T11:38:34","slug":"resultados-del-proyecto","status":"publish","type":"page","link":"https:\/\/horecafs.org\/web\/es\/resultados-del-proyecto\/","title":{"rendered":"Resultados del proyecto"},"content":{"rendered":"<p>[et_pb_section fb_built=&#8221;1&#8243; custom_padding_last_edited=&#8221;off|tablet&#8221; admin_label=&#8221;Header&#8221; _builder_version=&#8221;4.19.4&#8243; _module_preset=&#8221;default&#8221; background_enable_color=&#8221;off&#8221; use_background_color_gradient=&#8221;on&#8221; background_color_gradient_direction=&#8221;90deg&#8221; background_color_gradient_stops=&#8221;#2800ba 0%|rgba(0,0,0,0) 100%&#8221; background_color_gradient_overlays_image=&#8221;on&#8221; background_color_gradient_start=&#8221;#8300e9&#8243; background_color_gradient_end=&#8221;rgba(0,0,0,0)&#8221; background_image=&#8221;https:\/\/horecafs.org\/web\/wp-content\/uploads\/2023\/01\/blue-1_ext-1.png&#8221; custom_padding=&#8221;10vw||0px||false|false&#8221; custom_padding_tablet=&#8221;||||false|false&#8221; global_colors_info=&#8221;{}&#8221;][et_pb_row _builder_version=&#8221;4.16&#8243; _module_preset=&#8221;default&#8221; global_colors_info=&#8221;{}&#8221;][et_pb_column type=&#8221;4_4&#8243; _builder_version=&#8221;4.16&#8243; _module_preset=&#8221;default&#8221; global_colors_info=&#8221;{}&#8221;][et_pb_divider show_divider=&#8221;off&#8221; _builder_version=&#8221;4.19.4&#8243; _module_preset=&#8221;default&#8221; background_image=&#8221;https:\/\/horecafs.org\/wp-content\/uploads\/2022\/12\/high-school_48.png&#8221; background_size=&#8221;initial&#8221; background_position=&#8221;top_left&#8221; background_repeat=&#8221;repeat-x&#8221; custom_margin=&#8221;|380px|10px|-30vw|false|false&#8221; global_colors_info=&#8221;{}&#8221;][\/et_pb_divider][et_pb_text _builder_version=&#8221;4.19.4&#8243; _module_preset=&#8221;e598b17a-9229-42f6-b238-019d6094332e&#8221; header_font=&#8221;ABeeZee|500|||||||&#8221; header_text_color=&#8221;#FFFFFF&#8221; header_font_size=&#8221;80px&#8221; header_line_height=&#8221;1.15em&#8221; max_width=&#8221;800px&#8221; header_font_size_tablet=&#8221;40px&#8221; header_font_size_phone=&#8221;24px&#8221; header_font_size_last_edited=&#8221;on|desktop&#8221; locked=&#8221;off&#8221; global_colors_info=&#8221;{}&#8221;]<\/p>\n<h1>Outputs<\/h1>\n<h1>Resultados del proyecto<\/h1>\n<p>[\/et_pb_text][\/et_pb_column][\/et_pb_row][\/et_pb_section][et_pb_section fb_built=&#8221;1&#8243; _builder_version=&#8221;4.19.4&#8243; _module_preset=&#8221;default&#8221; global_colors_info=&#8221;{}&#8221;][et_pb_row _builder_version=&#8221;4.19.4&#8243; _module_preset=&#8221;default&#8221; global_colors_info=&#8221;{}&#8221;][et_pb_column type=&#8221;4_4&#8243; _builder_version=&#8221;4.19.4&#8243; _module_preset=&#8221;default&#8221; global_colors_info=&#8221;{}&#8221;][et_pb_text _builder_version=&#8221;4.19.4&#8243; _module_preset=&#8221;default&#8221; hover_enabled=&#8221;0&#8243; global_colors_info=&#8221;{}&#8221; sticky_enabled=&#8221;0&#8243;]<\/p>\n<h1><span style=\"font-weight: 400;\">PR1:<a href=\"https:\/\/horecafs.org\/web\/wp-content\/uploads\/2024\/10\/Horeca-Food-Safety-and-Hygiene-Practices-Training-Programme-ES.pdf\" target=\"_blank\" rel=\"noopener\" title=\"Programa de formaci\u00f3n en pr\u00e1cticas de higiene y seguridad alimentaria en el sector de la hosteler\u00eda\u00a0\">Programa de formaci\u00f3n en pr\u00e1cticas de higiene y seguridad alimentaria en el sector de la hosteler\u00eda\u00a0<\/a><\/span><\/h1>\n<p><span style=\"font-weight: 400;\"><a href=\"https:\/\/horecafs.org\/web\/wp-content\/uploads\/2024\/10\/Horeca-Food-Safety-and-Hygiene-Practices-Training-Programme-ES.pdf\" rel=\"attachment noopener wp-att-1875\" target=\"_blank\">Horeca Food Safety and Hygiene Practices Training Programme ES<\/a><\/span><\/p>\n<p>[\/et_pb_text][et_pb_text _builder_version=&#8221;4.19.4&#8243; _module_preset=&#8221;default&#8221; hover_enabled=&#8221;0&#8243; global_colors_info=&#8221;{}&#8221; sticky_enabled=&#8221;0&#8243;]<\/p>\n<h1><span style=\"font-weight: 400;\">PR2: <a href=\"https:\/\/horecafs.org\/web\/wp-content\/uploads\/2024\/10\/Guidebook-ES.pdf\" target=\"_blank\" rel=\"noopener\" title=\"Gu\u00eda para formadores VET Horeca\">Gu\u00eda para formadores VET Horeca<\/a><\/span><\/h1>\n<p><span style=\"font-weight: 400;\"><a href=\"https:\/\/horecafs.org\/web\/wp-content\/uploads\/2024\/10\/Guidebook-ES-1.pdf\" rel=\"attachment wp-att-1878\">Guidebook ES<\/a><\/span><\/p>\n<h1><\/h1>\n<p>&nbsp;<\/p>\n<p>[\/et_pb_text][et_pb_text _builder_version=&#8221;4.19.4&#8243; _module_preset=&#8221;default&#8221; hover_enabled=&#8221;0&#8243; global_colors_info=&#8221;{}&#8221; sticky_enabled=&#8221;0&#8243;]<\/p>\n<h1><span style=\"font-weight: 400;\">PR3: <a href=\"https:\/\/horecafs.org\/lms\/\" target=\"_blank\" rel=\"noopener\" title=\"Plataforma de aprendizaje electr\u00f3nico\">Plataforma de aprendizaje electr\u00f3nico<\/a><\/span><\/h1>\n<p>[\/et_pb_text][\/et_pb_column][\/et_pb_row][et_pb_row _builder_version=&#8221;4.19.4&#8243; _module_preset=&#8221;default&#8221; border_width_top=&#8221;5px&#8221; border_color_top=&#8221;#2800ba&#8221; border_width_left=&#8221;5px&#8221; border_color_left=&#8221;#2800BA&#8221; global_colors_info=&#8221;{}&#8221;][et_pb_column type=&#8221;4_4&#8243; _builder_version=&#8221;4.19.4&#8243; _module_preset=&#8221;default&#8221; global_colors_info=&#8221;{}&#8221;][et_pb_text _builder_version=&#8221;4.19.4&#8243; _module_preset=&#8221;default&#8221; custom_padding=&#8221;|||20px|false|false&#8221; global_colors_info=&#8221;{}&#8221;]<\/p>\n<p><b>Para que los profesionales que trabajan en el sector HORECA dispongan de la formaci\u00f3n, herramientas y estrategias tendr\u00e1n que:<\/b><\/p>\n<p><span style=\"font-weight: 400;\">\u2013 Adquirir nuevas competencias profesionales, sociales e interculturales, gracias a la comparaci\u00f3n con otros educadores europeos de estrategias y enfoques educativos, compartiendo experiencias con otros compa\u00f1eros<\/span><\/p>\n<p><span style=\"font-weight: 400;\">\u2013 Tener capacidad para integrarse y adaptarse al lugar de trabajo internacional, la capacidad de adaptarse al cambio y la flexibilidad para trabajar a nivel europeo, brind\u00e1ndoles;<\/span><\/p>\n<ul>\n<li><span style=\"font-weight: 400;\">Habilidades interpersonales en nuevos contextos de trabajo;<\/span><\/li>\n<li><span style=\"font-weight: 400;\">Sensibilizaci\u00f3n intercultural y europea;<\/span><\/li>\n<li><span style=\"font-weight: 400;\">Habilidades o TIC derivadas del gran uso de herramientas digitales y multimedia utilizadas durante el proyecto y el uso de todos los lenguajes de comunicaci\u00f3n, ic\u00f3nicos, convencionales y emocionales.<\/span><\/li>\n<\/ul>\n<p><span style=\"font-weight: 400;\">Las estrategias desarrolladas tienen como objetivo mejorar la calidad y la eficiencia de los entornos de formaci\u00f3n, especialmente en los campos de mejora de las habilidades profesionales, la mejora de la calidad de los entornos y condiciones de trabajo a trav\u00e9s de la mejora del nivel de conocimiento de los trabajadores HORECA sobre seguridad alimentaria y pr\u00e1cticas de higiene aumentar\u00e1 la oportunidades de vivir una vida mejor y m\u00e1s c\u00f3moda en Europa.<\/span><\/p>\n<p>[\/et_pb_text][\/et_pb_column][\/et_pb_row][\/et_pb_section]<\/p>\n","protected":false},"excerpt":{"rendered":"<p>Outputs Resultados del proyectoPR1:Programa de formaci\u00f3n en pr\u00e1cticas de higiene y seguridad alimentaria en el sector de la hosteler\u00eda\u00a0 Horeca Food Safety and Hygiene Practices Training Programme ESPR2: Gu\u00eda para formadores VET Horeca Guidebook ES &nbsp;PR3: Plataforma de aprendizaje electr\u00f3nicoPara que los profesionales que trabajan en el sector HORECA dispongan de la formaci\u00f3n, herramientas y [&hellip;]<\/p>\n","protected":false},"author":1,"featured_media":0,"parent":0,"menu_order":0,"comment_status":"closed","ping_status":"closed","template":"","meta":{"_et_pb_use_builder":"on","_et_pb_old_content":"","_et_gb_content_width":"","footnotes":""},"class_list":["post-1653","page","type-page","status-publish","hentry"],"_links":{"self":[{"href":"https:\/\/horecafs.org\/web\/wp-json\/wp\/v2\/pages\/1653","targetHints":{"allow":["GET"]}}],"collection":[{"href":"https:\/\/horecafs.org\/web\/wp-json\/wp\/v2\/pages"}],"about":[{"href":"https:\/\/horecafs.org\/web\/wp-json\/wp\/v2\/types\/page"}],"author":[{"embeddable":true,"href":"https:\/\/horecafs.org\/web\/wp-json\/wp\/v2\/users\/1"}],"replies":[{"embeddable":true,"href":"https:\/\/horecafs.org\/web\/wp-json\/wp\/v2\/comments?post=1653"}],"version-history":[{"count":7,"href":"https:\/\/horecafs.org\/web\/wp-json\/wp\/v2\/pages\/1653\/revisions"}],"predecessor-version":[{"id":1879,"href":"https:\/\/horecafs.org\/web\/wp-json\/wp\/v2\/pages\/1653\/revisions\/1879"}],"wp:attachment":[{"href":"https:\/\/horecafs.org\/web\/wp-json\/wp\/v2\/media?parent=1653"}],"curies":[{"name":"wp","href":"https:\/\/api.w.org\/{rel}","templated":true}]}}