{"id":1665,"date":"2023-09-22T09:22:37","date_gmt":"2023-09-22T09:22:37","guid":{"rendered":"https:\/\/horecafs.org\/web\/?page_id=1665"},"modified":"2023-12-11T18:05:51","modified_gmt":"2023-12-11T18:05:51","slug":"o-projekcie","status":"publish","type":"page","link":"https:\/\/horecafs.org\/web\/pl\/o-projekcie\/","title":{"rendered":"O projekcie"},"content":{"rendered":"<p>[et_pb_section fb_built=&#8221;1&#8243; fullwidth=&#8221;on&#8221; _builder_version=&#8221;4.19.4&#8243; _module_preset=&#8221;default&#8221; background_enable_image=&#8221;off&#8221; hover_enabled=&#8221;0&#8243; global_colors_info=&#8221;{}&#8221; sticky_enabled=&#8221;0&#8243;][et_pb_fullwidth_header title=&#8221;O projekcie Horeca&#8221; background_overlay_color=&#8221;rgba(40,0,186,0.52)&#8221; _builder_version=&#8221;4.19.4&#8243; _module_preset=&#8221;default&#8221; background_enable_color=&#8221;off&#8221; background_image=&#8221;https:\/\/horecafs.org\/web\/wp-content\/uploads\/2023\/01\/blue-1_ext-1.png&#8221; child_filter_opacity=&#8221;13%&#8221; hover_enabled=&#8221;0&#8243; global_colors_info=&#8221;{}&#8221; sticky_enabled=&#8221;0&#8243;][\/et_pb_fullwidth_header][\/et_pb_section][et_pb_section fb_built=&#8221;1&#8243; _builder_version=&#8221;4.19.4&#8243; _module_preset=&#8221;default&#8221; global_colors_info=&#8221;{}&#8221;][et_pb_row column_structure=&#8221;1_3,2_3&#8243; _builder_version=&#8221;4.19.4&#8243; _module_preset=&#8221;default&#8221; custom_padding=&#8221;62px|||||&#8221; global_colors_info=&#8221;{}&#8221;][et_pb_column type=&#8221;1_3&#8243; _builder_version=&#8221;4.19.4&#8243; _module_preset=&#8221;default&#8221; global_colors_info=&#8221;{}&#8221;][et_pb_text _builder_version=&#8221;4.19.4&#8243; _module_preset=&#8221;default&#8221; global_colors_info=&#8221;{}&#8221;]<\/p>\n<h1><strong>Cele projektu:<\/strong><\/h1>\n<p>[\/et_pb_text][et_pb_image src=&#8221;https:\/\/horecafs.org\/web\/wp-content\/uploads\/2022\/12\/final-pribor-zelene-prekreslene-tien.png&#8221; title_text=&#8221;final pr\u00edbor &#8211; zelen\u00e9 prekreslen\u00e9 &#8211; tie\u0148&#8221; align=&#8221;center&#8221; _builder_version=&#8221;4.19.4&#8243; _module_preset=&#8221;default&#8221; max_height=&#8221;170px&#8221; global_colors_info=&#8221;{}&#8221;][\/et_pb_image][\/et_pb_column][et_pb_column type=&#8221;2_3&#8243; _builder_version=&#8221;4.19.4&#8243; _module_preset=&#8221;default&#8221; global_colors_info=&#8221;{}&#8221;][et_pb_text _builder_version=&#8221;4.19.4&#8243; _module_preset=&#8221;default&#8221; global_colors_info=&#8221;{}&#8221;]<\/p>\n<p><b>G\u0142\u00f3wnym celem projektu jest podniesienie \u015bwiadomo\u015bci cyfrowej pracownik\u00f3w HORECA w zakresie zasad bezpiecze\u0144stwa i higieny \u017cywno\u015bci.<\/b><\/p>\n<p><span style=\"font-weight: 400;\">W oparciu o cel g\u0142\u00f3wny, cele szczeg\u00f3\u0142owe projektu to:<\/span><\/p>\n<ul>\n<li style=\"font-weight: 400;\" aria-level=\"1\"><span style=\"font-weight: 400;\">Wspiera\u0107 \u015bwiadomych pracownik\u00f3w HORECA, ogranicza\u0107 nieuczciw\u0105 konkurencj\u0119 na rynku \u017cywno\u015bci<\/span><\/li>\n<li style=\"font-weight: 400;\" aria-level=\"1\"><span style=\"font-weight: 400;\">Zapewnienie mo\u017cliwo\u015bci uczenia si\u0119 i szkolenia nisko wykwalifikowanym pracownikom sektora HORECA<\/span><\/li>\n<li style=\"font-weight: 400;\" aria-level=\"1\"><span style=\"font-weight: 400;\">Zwi\u0119kszenie zdolno\u015bci do pracy pracownik\u00f3w Horeca, kt\u00f3rzy maj\u0105 mniejsze szanse, poprzez podnoszenie ich kluczowych kompetencji<\/span><\/li>\n<\/ul>\n<p>[\/et_pb_text][\/et_pb_column][\/et_pb_row][\/et_pb_section][et_pb_section fb_built=&#8221;1&#8243; fullwidth=&#8221;on&#8221; _builder_version=&#8221;4.19.4&#8243; _module_preset=&#8221;default&#8221; global_colors_info=&#8221;{}&#8221;][et_pb_fullwidth_header title=&#8221;Wp\u0142yw projektu&#8221; text_orientation=&#8221;center&#8221; button_one_text=&#8221;Rezultaty&#8221; button_one_url=&#8221;https:\/\/horecafs.org\/web\/pl\/rezultaty\/&#8221; _builder_version=&#8221;4.19.4&#8243; _module_preset=&#8221;default&#8221; background_color=&#8221;#2800ba&#8221; custom_button_one=&#8221;on&#8221; button_one_icon=&#8221;&#x3d;||divi||400&#8243; link_option_url_new_window=&#8221;on&#8221; hover_enabled=&#8221;0&#8243; global_colors_info=&#8221;{}&#8221; sticky_enabled=&#8221;0&#8243;]<\/p>\n<p style=\"text-align: justify;\"><span style=\"font-weight: 400;\">Partnerzy projektu zapewni\u0105 wysokiej jako\u015bci komunikacj\u0119 i wsp\u00f3\u0142prac\u0119 z g\u0142\u00f3wnymi interesariuszami oraz udost\u0119pni\u0105 wyniki projektu wielu u\u017cytkownikom ko\u0144cowym za po\u015brednictwem tych interesariuszy. wi\u0119c zapewni\u0105 wysoki efekt mno\u017cnikowy.<\/span><\/p>\n<p>[\/et_pb_fullwidth_header][\/et_pb_section][et_pb_section fb_built=&#8221;1&#8243; _builder_version=&#8221;4.19.4&#8243; _module_preset=&#8221;default&#8221; global_colors_info=&#8221;{}&#8221;][et_pb_row _builder_version=&#8221;4.19.4&#8243; _module_preset=&#8221;default&#8221; global_colors_info=&#8221;{}&#8221;][et_pb_column type=&#8221;4_4&#8243; _builder_version=&#8221;4.19.4&#8243; _module_preset=&#8221;default&#8221; global_colors_info=&#8221;{}&#8221;][et_pb_text _builder_version=&#8221;4.19.4&#8243; _module_preset=&#8221;default&#8221; global_colors_info=&#8221;{}&#8221;]<\/p>\n<h3 style=\"text-align: center;\"><strong>Wp\u0142yw na profesjonalist\u00f3w:<\/strong><\/h3>\n<p>[\/et_pb_text][\/et_pb_column][\/et_pb_row][et_pb_row column_structure=&#8221;1_2,1_2&#8243; _builder_version=&#8221;4.19.4&#8243; _module_preset=&#8221;default&#8221; border_width_bottom=&#8221;5px&#8221; border_color_bottom=&#8221;RGBA(40,0,186,0.8)&#8221; global_colors_info=&#8221;{}&#8221;][et_pb_column type=&#8221;1_2&#8243; _builder_version=&#8221;4.19.4&#8243; _module_preset=&#8221;default&#8221; global_colors_info=&#8221;{}&#8221;][et_pb_text _builder_version=&#8221;4.19.4&#8243; _module_preset=&#8221;default&#8221; global_colors_info=&#8221;{}&#8221;]<\/p>\n<p style=\"text-align: justify;\"><b><\/b><\/p>\n<p style=\"text-align: justify;\"><b>Dla profesjonalist\u00f3w, kt\u00f3rzy pracuj\u0105 w sektorze, aby mie\u0107 szkolenia, narz\u0119dzia i strategie, b\u0119d\u0105 mieli:<\/b><\/p>\n<ul>\n<li style=\"font-weight: 400; text-align: justify;\" aria-level=\"1\"><span style=\"font-weight: 400;\">Nabycie nowych kompetencji zawodowych, spo\u0142ecznych i mi\u0119dzykulturowych, dzi\u0119ki por\u00f3wnaniu z innymi europejskimi edukatorami strategii i podej\u015b\u0107 edukacyjnych, dzieleniu si\u0119 z innymi osobami<\/span><\/li>\n<li style=\"font-weight: 400; text-align: justify;\" aria-level=\"1\"><span style=\"font-weight: 400;\">Zdolno\u015b\u0107 do integracji i przystosowania si\u0119 do mi\u0119dzynarodowego miejsca pracy, umiej\u0119tno\u015b\u0107 przystosowania si\u0119 do zmian i elastyczno\u015b\u0107 w pracy<\/span><\/li>\n<\/ul>\n<p>[\/et_pb_text][\/et_pb_column][et_pb_column type=&#8221;1_2&#8243; _builder_version=&#8221;4.19.4&#8243; _module_preset=&#8221;default&#8221; global_colors_info=&#8221;{}&#8221;][et_pb_text _builder_version=&#8221;4.19.4&#8243; _module_preset=&#8221;default&#8221; global_colors_info=&#8221;{}&#8221;]<\/p>\n<p><b>Na poziomie europejskim, zapewniaj\u0105c im:<\/b><\/p>\n<ul>\n<li style=\"font-weight: 400;\" aria-level=\"1\"><span style=\"font-weight: 400;\">Umiej\u0119tno\u015bci interpersonalne w nowych kontekstach pracy;<\/span><\/li>\n<li style=\"font-weight: 400;\" aria-level=\"1\"><span style=\"font-weight: 400;\">Uwra\u017cliwienie mi\u0119dzykulturowe i europejskie;<\/span><\/li>\n<li style=\"font-weight: 400;\" aria-level=\"1\"><span style=\"font-weight: 400;\">Umiej\u0119tno\u015bci j\u0119zykowe lub zwi\u0105zane z j\u0119zykiem m\u00f3wionym w kraju przyjmuj\u0105cym i\/lub angielskim, j\u0119zykiem roboczym.<\/span><\/li>\n<li style=\"font-weight: 400;\" aria-level=\"1\"><span style=\"font-weight: 400;\">Umiej\u0119tno\u015bci lub ICT wynikaj\u0105ce ze \u015bwietnego wykorzystania narz\u0119dzi cyfrowych i multimedialnych u\u017cywanych podczas projektu oraz wykorzystania wszystkich j\u0119zyk\u00f3w komunikacji, ikonicznych, konwencjonalnych i emocjonalnych.<\/span><\/li>\n<\/ul>\n<p>[\/et_pb_text][\/et_pb_column][\/et_pb_row][et_pb_row use_custom_gutter=&#8221;on&#8221; _builder_version=&#8221;4.19.4&#8243; _module_preset=&#8221;default&#8221; border_width_bottom=&#8221;5px&#8221; border_color_bottom=&#8221;RGBA(40,0,186,0.8)&#8221; global_colors_info=&#8221;{}&#8221;][et_pb_column type=&#8221;4_4&#8243; _builder_version=&#8221;4.19.4&#8243; _module_preset=&#8221;default&#8221; global_colors_info=&#8221;{}&#8221;][et_pb_text _builder_version=&#8221;4.19.4&#8243; _module_preset=&#8221;default&#8221; global_colors_info=&#8221;{}&#8221;]<\/p>\n<h3 style=\"text-align: center;\"><strong>Wp\u0142yw na pracownik\u00f3w HORECA:<\/strong><\/h3>\n<p>[\/et_pb_text][et_pb_text _builder_version=&#8221;4.19.4&#8243; _module_preset=&#8221;default&#8221; global_colors_info=&#8221;{}&#8221;]<\/p>\n<h3 style=\"text-align: justify;\"><\/h3>\n<p style=\"text-align: justify;\"><span style=\"font-weight: 400;\">Opracowane materia\u0142y odnosz\u0105 si\u0119 bezpo\u015brednio do pracownik\u00f3w sektora HORECA nie tylko w krajach partner\u00f3w projektu, ale tak\u017ce w ka\u017cdej cz\u0119\u015bci Europy, poniewa\u017c opracowane strategie maj\u0105 na celu popraw\u0119 jako\u015bci i efektywno\u015bci \u015brodowisk szkoleniowych, zw\u0142aszcza w zakresie usprawnienia komunikacji, poprawy jako\u015bci \u015brodowisk zwi\u0119ksz\u0105 mo\u017cliwo\u015bci lepszego i wygodniejszego \u017cycia w Europie. Wraz ze wzrostem liczby bada\u0144 nad bezpiecze\u0144stwem \u017cywno\u015bci, pracownicy HORECA zyskaj\u0105 szans\u0119 na \u0142atwe dotarcie do potrzebnych materia\u0142\u00f3w. Badania te przyczyni\u0105 si\u0119 do ograniczenia rozproszonych informacji na temat stosowania zdrowej \u017cywno\u015bci w celu pomocy tym konsumentom \u017cywno\u015bci<\/span><\/p>\n<p>[\/et_pb_text][\/et_pb_column][\/et_pb_row][\/et_pb_section][et_pb_section fb_built=&#8221;1&#8243; _builder_version=&#8221;4.19.4&#8243; _module_preset=&#8221;default&#8221; background_color=&#8221;rgba(255,255,255,0.71)&#8221; background_image=&#8221;https:\/\/horecafs.org\/wp-content\/uploads\/2022\/12\/blue-1.png&#8221; background_blend=&#8221;overlay&#8221; custom_padding=&#8221;0px|||||&#8221; global_colors_info=&#8221;{}&#8221;][et_pb_row _builder_version=&#8221;4.19.4&#8243; _module_preset=&#8221;default&#8221; global_colors_info=&#8221;{}&#8221;][et_pb_column type=&#8221;4_4&#8243; _builder_version=&#8221;4.19.4&#8243; _module_preset=&#8221;default&#8221; global_colors_info=&#8221;{}&#8221;][et_pb_text _builder_version=&#8221;4.19.4&#8243; _module_preset=&#8221;default&#8221; global_colors_info=&#8221;{}&#8221;]<\/p>\n<h1><span style=\"font-weight: 400;\">OCZEKIWANE REZULTATY:<\/span><\/h1>\n<ul>\n<li style=\"font-weight: 400;\" aria-level=\"1\"><span style=\"font-weight: 400;\">Pr\u00f3ba pilota\u017cowa: Laboratoria pilota\u017cowe zostan\u0105 przeprowadzone w ka\u017cdym kraju partnerskim, testuj\u0105c R1, R2, R3<\/span><\/li>\n<li style=\"font-weight: 400;\" aria-level=\"1\"><span style=\"font-weight: 400;\">Spotkania z interesariuszami: Ich wk\u0142ad zagwarantuje lepszy post\u0119p w trakcie projektu.<\/span><\/li>\n<li style=\"font-weight: 400;\" aria-level=\"1\"><span style=\"font-weight: 400;\">Wydarzenia upowszechniaj\u0105ce: W ostatnich miesi\u0105cach projektu ka\u017cdy partner zorganizuje 1 wydarzenie upowszechniaj\u0105ce, kt\u00f3re b\u0119dzie sk\u0142ada\u0107 si\u0119 z paneli, podczas kt\u00f3rych wszystkie wyniki zostan\u0105 udost\u0119pnione interesariuszom, lokalnym grupom docelowym i odwiedzaj\u0105cym.<\/span><\/li>\n<li style=\"font-weight: 400;\" aria-level=\"1\"><span style=\"font-weight: 400;\">Strona internetowa projektu w j\u0119zyku angielskim i we wszystkich j\u0119zykach narodowych<\/span><\/li>\n<li style=\"font-weight: 400;\" aria-level=\"1\"><span style=\"font-weight: 400;\">Newslettery<\/span><\/li>\n<\/ul>\n<h3><span style=\"font-weight: 400;\">Uzupe\u0142niaj\u0105c wyniki, partnerzy dostarcz\u0105 r\u00f3wnie\u017c nast\u0119puj\u0105ce wyniki:<\/span><\/h3>\n<ul>\n<li style=\"font-weight: 400;\" aria-level=\"1\"><span style=\"font-weight: 400;\">Zarz\u0105dzanie projektem i plan jako\u015bci<\/span><\/li>\n<li style=\"font-weight: 400;\" aria-level=\"1\"><span style=\"font-weight: 400;\">Udost\u0119pnianie, eksploatacja i plan zr\u00f3wnowa\u017conego rozwoju<\/span><\/li>\n<li style=\"font-weight: 400;\" aria-level=\"1\"><span style=\"font-weight: 400;\">Notatki po ka\u017cdym spotkaniu projektu partnerskiego (3 F2F i 2 online)<\/span><\/li>\n<li style=\"font-weight: 400;\" aria-level=\"1\"><span style=\"font-weight: 400;\">Raporty (np. dzia\u0142alno\u015b\u0107, finanse, udost\u0119pnianie i promocja, post\u0119py, \u015br\u00f3dokresowe, ko\u0144cowe)<\/span><\/li>\n<li style=\"font-weight: 400;\" aria-level=\"1\"><span style=\"font-weight: 400;\">Logo Projektu, strona internetowa, kana\u0142 FB, Instagram, Youtube, 3 Newslettery,<\/span><\/li>\n<li style=\"font-weight: 400;\" aria-level=\"1\"><span style=\"font-weight: 400;\">350 u\u017cytkownik\u00f3w, aby uzyska\u0107 dost\u0119p do platformy internetowej<\/span><\/li>\n<li style=\"font-weight: 400;\" aria-level=\"1\"><span style=\"font-weight: 400;\">Wszystkie materia\u0142y zostan\u0105 opracowane w j\u0119zyku angielskim i we wszystkich j\u0119zykach partnerskich<\/span><\/li>\n<\/ul>\n<p>[\/et_pb_text][\/et_pb_column][\/et_pb_row][\/et_pb_section]<\/p>\n","protected":false},"excerpt":{"rendered":"<p>Cele projektu:G\u0142\u00f3wnym celem projektu jest podniesienie \u015bwiadomo\u015bci cyfrowej pracownik\u00f3w HORECA w zakresie zasad bezpiecze\u0144stwa i higieny \u017cywno\u015bci. W oparciu o cel g\u0142\u00f3wny, cele szczeg\u00f3\u0142owe projektu to: Wspiera\u0107 \u015bwiadomych pracownik\u00f3w HORECA, ogranicza\u0107 nieuczciw\u0105 konkurencj\u0119 na rynku \u017cywno\u015bci Zapewnienie mo\u017cliwo\u015bci uczenia si\u0119 i szkolenia nisko wykwalifikowanym pracownikom sektora HORECA Zwi\u0119kszenie zdolno\u015bci do pracy pracownik\u00f3w Horeca, kt\u00f3rzy maj\u0105 [&hellip;]<\/p>\n","protected":false},"author":1,"featured_media":0,"parent":0,"menu_order":0,"comment_status":"closed","ping_status":"closed","template":"","meta":{"_et_pb_use_builder":"on","_et_pb_old_content":"","_et_gb_content_width":"","footnotes":""},"class_list":["post-1665","page","type-page","status-publish","hentry"],"_links":{"self":[{"href":"https:\/\/horecafs.org\/web\/wp-json\/wp\/v2\/pages\/1665","targetHints":{"allow":["GET"]}}],"collection":[{"href":"https:\/\/horecafs.org\/web\/wp-json\/wp\/v2\/pages"}],"about":[{"href":"https:\/\/horecafs.org\/web\/wp-json\/wp\/v2\/types\/page"}],"author":[{"embeddable":true,"href":"https:\/\/horecafs.org\/web\/wp-json\/wp\/v2\/users\/1"}],"replies":[{"embeddable":true,"href":"https:\/\/horecafs.org\/web\/wp-json\/wp\/v2\/comments?post=1665"}],"version-history":[{"count":6,"href":"https:\/\/horecafs.org\/web\/wp-json\/wp\/v2\/pages\/1665\/revisions"}],"predecessor-version":[{"id":1735,"href":"https:\/\/horecafs.org\/web\/wp-json\/wp\/v2\/pages\/1665\/revisions\/1735"}],"wp:attachment":[{"href":"https:\/\/horecafs.org\/web\/wp-json\/wp\/v2\/media?parent=1665"}],"curies":[{"name":"wp","href":"https:\/\/api.w.org\/{rel}","templated":true}]}}