{"id":1683,"date":"2023-09-22T10:56:19","date_gmt":"2023-09-22T10:56:19","guid":{"rendered":"https:\/\/horecafs.org\/web\/?page_id=1683"},"modified":"2023-09-25T07:52:04","modified_gmt":"2023-09-25T07:52:04","slug":"home_de","status":"publish","type":"page","link":"https:\/\/horecafs.org\/web\/de\/home_de\/","title":{"rendered":"Home"},"content":{"rendered":"<p>[et_pb_section fb_built=&#8221;1&#8243; custom_padding_last_edited=&#8221;off|tablet&#8221; admin_label=&#8221;Header&#8221; _builder_version=&#8221;4.19.4&#8243; _module_preset=&#8221;default&#8221; background_enable_color=&#8221;off&#8221; use_background_color_gradient=&#8221;on&#8221; background_color_gradient_direction=&#8221;90deg&#8221; background_color_gradient_stops=&#8221;#2800ba 0%|rgba(0,0,0,0) 100%&#8221; background_color_gradient_overlays_image=&#8221;on&#8221; background_color_gradient_start=&#8221;#8300e9&#8243; background_color_gradient_end=&#8221;rgba(0,0,0,0)&#8221; background_image=&#8221;https:\/\/horecafs.org\/web\/wp-content\/uploads\/2023\/01\/blue-1_ext-1.png&#8221; custom_margin=&#8221;||17px|||&#8221; custom_padding=&#8221;10vw||0px||false|false&#8221; custom_padding_tablet=&#8221;||||false|false&#8221; global_colors_info=&#8221;{}&#8221;][et_pb_row _builder_version=&#8221;4.16&#8243; _module_preset=&#8221;default&#8221; custom_padding=&#8221;||83px|||&#8221; global_colors_info=&#8221;{}&#8221;][et_pb_column type=&#8221;4_4&#8243; _builder_version=&#8221;4.16&#8243; _module_preset=&#8221;default&#8221; global_colors_info=&#8221;{}&#8221;][et_pb_divider show_divider=&#8221;off&#8221; _builder_version=&#8221;4.19.4&#8243; _module_preset=&#8221;default&#8221; background_image=&#8221;https:\/\/horecafs.org\/wp-content\/uploads\/2022\/12\/high-school_48.png&#8221; background_size=&#8221;initial&#8221; background_position=&#8221;top_left&#8221; background_repeat=&#8221;repeat-x&#8221; custom_margin=&#8221;|380px|10px|-30vw|false|false&#8221; global_colors_info=&#8221;{}&#8221;][\/et_pb_divider][et_pb_text _builder_version=&#8221;4.19.4&#8243; _module_preset=&#8221;e598b17a-9229-42f6-b238-019d6094332e&#8221; header_font=&#8221;ABeeZee|500|||||||&#8221; header_text_color=&#8221;#FFFFFF&#8221; header_font_size=&#8221;80px&#8221; header_line_height=&#8221;1.15em&#8221; max_width=&#8221;800px&#8221; header_font_size_tablet=&#8221;40px&#8221; header_font_size_phone=&#8221;24px&#8221; header_font_size_last_edited=&#8221;on|desktop&#8221; locked=&#8221;off&#8221; global_colors_info=&#8221;{}&#8221;]<\/p>\n<h1>HORECA Projekt<\/h1>\n<p>[\/et_pb_text][et_pb_text _builder_version=&#8221;4.19.4&#8243; _module_preset=&#8221;default&#8221; global_colors_info=&#8221;{}&#8221;]<\/p>\n<h1><span style=\"font-weight: 400; color: #ffffff;\">Strategien zur Verbesserung der Qualifikation<br \/>des Catering-Personals von Hotelrestaurants in Bezug<br \/>auf Lebensmittelsicherheit und Hygienepraktiken<\/span><\/h1>\n<p>[\/et_pb_text][et_pb_button button_url=&#8221;https:\/\/horecafs.org\/web\/about\/&#8221; url_new_window=&#8221;on&#8221; button_text=&#8221;About the project&#8221; _builder_version=&#8221;4.19.4&#8243; _module_preset=&#8221;default&#8221; custom_button=&#8221;on&#8221; button_text_color=&#8221;#FFFFFF&#8221; global_colors_info=&#8221;{}&#8221;][\/et_pb_button][\/et_pb_column][\/et_pb_row][\/et_pb_section][et_pb_section fb_built=&#8221;1&#8243; fullwidth=&#8221;on&#8221; _builder_version=&#8221;4.19.4&#8243; _module_preset=&#8221;default&#8221; global_colors_info=&#8221;{}&#8221;][et_pb_fullwidth_header title=&#8221;Erasmus + project&#8221; text_orientation=&#8221;center&#8221; _builder_version=&#8221;4.19.4&#8243; _module_preset=&#8221;default&#8221; title_text_color=&#8221;#12876F&#8221; background_color=&#8221;rgba(126,190,197,0.71)&#8221; custom_margin=&#8221;-20px||||false|false&#8221; global_colors_info=&#8221;{}&#8221;]<\/p>\n<p><span style=\"color: #008080;\">KA220-VET &#8211; Cooperation partnerships in vocational education and training<\/span><\/p>\n<p><span style=\"color: #008080;\">2021-1-SK01-KA220-VET-000034652<\/span><\/p>\n<p>[\/et_pb_fullwidth_header][\/et_pb_section][et_pb_section fb_built=&#8221;1&#8243; _builder_version=&#8221;4.19.4&#8243; _module_preset=&#8221;default&#8221; global_colors_info=&#8221;{}&#8221;][et_pb_row column_structure=&#8221;1_2,1_2&#8243; make_equal=&#8221;on&#8221; _builder_version=&#8221;4.19.4&#8243; _module_preset=&#8221;default&#8221; global_colors_info=&#8221;{}&#8221;][et_pb_column type=&#8221;1_2&#8243; _builder_version=&#8221;4.19.4&#8243; _module_preset=&#8221;default&#8221; global_colors_info=&#8221;{}&#8221;][et_pb_image src=&#8221;https:\/\/horecafs.org\/web\/wp-content\/uploads\/2023\/01\/final-logo-Horeca-zmensene.png&#8221; title_text=&#8221;final-logo-Horeca-zmensene&#8221; _builder_version=&#8221;4.19.4&#8243; _module_preset=&#8221;default&#8221; global_colors_info=&#8221;{}&#8221;][\/et_pb_image][\/et_pb_column][et_pb_column type=&#8221;1_2&#8243; _builder_version=&#8221;4.19.4&#8243; _module_preset=&#8221;default&#8221; global_colors_info=&#8221;{}&#8221;][et_pb_image src=&#8221;https:\/\/horecafs.org\/web\/wp-content\/uploads\/2023\/01\/EN-Co-funded-by-the-EU_POS-scaled.jpg&#8221; title_text=&#8221;EN Co-funded by the EU_POS&#8221; _builder_version=&#8221;4.19.4&#8243; _module_preset=&#8221;default&#8221; custom_padding=&#8221;20px||||false|false&#8221; global_colors_info=&#8221;{}&#8221;][\/et_pb_image][\/et_pb_column][\/et_pb_row][et_pb_row _builder_version=&#8221;4.19.4&#8243; _module_preset=&#8221;default&#8221; border_color_all=&#8221;#2800BA&#8221; border_width_top=&#8221;5px&#8221; border_width_left=&#8221;5px&#8221; global_colors_info=&#8221;{}&#8221;][et_pb_column type=&#8221;4_4&#8243; _builder_version=&#8221;4.19.4&#8243; _module_preset=&#8221;default&#8221; global_colors_info=&#8221;{}&#8221;][et_pb_text _builder_version=&#8221;4.19.4&#8243; _module_preset=&#8221;default&#8221; custom_padding=&#8221;|||20px|false|false&#8221; inline_fonts=&#8221;ABeeZee&#8221; global_colors_info=&#8221;{}&#8221;]<\/p>\n<h4><b>Ziele des Projekts:<\/b><\/h4>\n<p><span style=\"font-weight: 400;\">\u2666 Unterst\u00fctzung der Arbeitnehmer:innen im HORECA-Sektor und Reduktion des unlauteren Wettbewerbs bei der Vermarktung von Lebensmitteln.<\/span><\/p>\n<p><span style=\"font-weight: 400;\">\u2666 Bereitstellung von Aus- und Weiterbildungsm\u00f6glichkeiten f\u00fcr gering qualifizierte HORECA-Arbeitnehmer:innen.<\/span><\/p>\n<p><span style=\"font-weight: 400;\">\u2666 Steigerung der beruflichen Qualifikationen von HORECA-Arbeitnehmer:innen mit geringen M\u00f6glichkeiten durch Verbesserung ihrer Schl\u00fcsselkompetenzen.<\/span><\/p>\n<h4><b>Werkzeuge und Strategien:<\/b><\/h4>\n<p><span style=\"font-weight: 400;\">Die Werkzeuge und Strategien, die entwickelt werden, erm\u00f6glichen den Erwerb neuer beruflicher, sozialer und interkultureller Kompetenzen durch den Vergleich mit anderen europ\u00e4ischen Trainern, zwischenmenschliche Kompetenzen in neuen Arbeitskontexten, interkulturelle und europ\u00e4ische Sensibilisierung, Sprachkenntnisse in Bezug auf die im Gastland gesprochene Sprache und\/oder Englisch, IKT-Kenntnisse durch den Einsatz digitaler und multimedialer Werkzeuge, usw.<\/span><\/p>\n<p>[\/et_pb_text][\/et_pb_column][\/et_pb_row][et_pb_row _builder_version=&#8221;4.19.4&#8243; _module_preset=&#8221;default&#8221; width=&#8221;100%&#8221; max_width=&#8221;100%&#8221; global_colors_info=&#8221;{}&#8221;][et_pb_column type=&#8221;4_4&#8243; _builder_version=&#8221;4.19.4&#8243; _module_preset=&#8221;default&#8221; global_colors_info=&#8221;{}&#8221;][et_pb_image src=&#8221;https:\/\/horecafs.org\/web\/wp-content\/uploads\/2023\/01\/Table.jpg&#8221; title_text=&#8221;Table&#8221; _builder_version=&#8221;4.19.4&#8243; _module_preset=&#8221;default&#8221; global_colors_info=&#8221;{}&#8221;][\/et_pb_image][\/et_pb_column][\/et_pb_row][et_pb_row _builder_version=&#8221;4.19.4&#8243; _module_preset=&#8221;default&#8221; global_colors_info=&#8221;{}&#8221;][et_pb_column type=&#8221;4_4&#8243; _builder_version=&#8221;4.19.4&#8243; _module_preset=&#8221;default&#8221; global_colors_info=&#8221;{}&#8221;][et_pb_text _builder_version=&#8221;4.19.4&#8243; _module_preset=&#8221;default&#8221; link_option_url=&#8221;https:\/\/horecafs.org\/web\/de\/partner\/&#8221; link_option_url_new_window=&#8221;on&#8221; hover_enabled=&#8221;0&#8243; border_color_bottom=&#8221;#8300E9&#8243; global_colors_info=&#8221;{}&#8221; sticky_enabled=&#8221;0&#8243;]<\/p>\n<h1 style=\"text-align: center;\"><strong>Partner<\/strong><\/h1>\n<p>[\/et_pb_text][\/et_pb_column][\/et_pb_row][et_pb_row column_structure=&#8221;1_5,1_5,1_5,1_5,1_5&#8243; use_custom_gutter=&#8221;on&#8221; gutter_width=&#8221;4&#8243; make_equal=&#8221;on&#8221; _builder_version=&#8221;4.19.4&#8243; _module_preset=&#8221;default&#8221; width=&#8221;75%&#8221; module_alignment=&#8221;center&#8221; custom_margin=&#8221;|||auto|false|false&#8221; custom_padding=&#8221;|20px|||false|false&#8221; custom_css_main_element=&#8221;margin: auto;&#8221; border_width_right=&#8221;5px&#8221; border_color_right=&#8221;#2800BA&#8221; global_colors_info=&#8221;{}&#8221;][et_pb_column type=&#8221;1_5&#8243; _builder_version=&#8221;4.19.4&#8243; _module_preset=&#8221;default&#8221; custom_css_main_element=&#8221;margin: auto;&#8221; global_colors_info=&#8221;{}&#8221;][et_pb_image src=&#8221;https:\/\/horecafs.org\/web\/wp-content\/uploads\/2022\/12\/comu_logo_2.png&#8221; title_text=&#8221;comu_logo_2&#8243; url=&#8221;https:\/\/global.comu.edu.tr\/&#8221; url_new_window=&#8221;on&#8221; _builder_version=&#8221;4.19.4&#8243; _module_preset=&#8221;default&#8221; global_colors_info=&#8221;{}&#8221;][\/et_pb_image][\/et_pb_column][et_pb_column type=&#8221;1_5&#8243; _builder_version=&#8221;4.19.4&#8243; _module_preset=&#8221;default&#8221; custom_css_main_element=&#8221;margin: auto;&#8221; global_colors_info=&#8221;{}&#8221;][et_pb_image src=&#8221;https:\/\/horecafs.org\/web\/wp-content\/uploads\/2022\/12\/oscuro-CTNC-Spain.png&#8221; title_text=&#8221;oscuro CTNC Spain&#8221; url=&#8221;https:\/\/ctnc.es\/&#8221; url_new_window=&#8221;on&#8221; align=&#8221;center&#8221; _builder_version=&#8221;4.19.4&#8243; _module_preset=&#8221;default&#8221; custom_css_main_element=&#8221;margin: auto;&#8221; global_colors_info=&#8221;{}&#8221;][\/et_pb_image][\/et_pb_column][et_pb_column type=&#8221;1_5&#8243; _builder_version=&#8221;4.19.4&#8243; _module_preset=&#8221;default&#8221; custom_css_main_element=&#8221;margin: auto;&#8221; global_colors_info=&#8221;{}&#8221;][et_pb_image src=&#8221;https:\/\/horecafs.org\/web\/wp-content\/uploads\/2022\/12\/iseki-food-horiz.png&#8221; title_text=&#8221;iseki-food-horiz&#8221; url=&#8221;https:\/\/www.iseki-food.net\/&#8221; url_new_window=&#8221;on&#8221; _builder_version=&#8221;4.19.4&#8243; _module_preset=&#8221;default&#8221; global_colors_info=&#8221;{}&#8221;][\/et_pb_image][\/et_pb_column][et_pb_column type=&#8221;1_5&#8243; _builder_version=&#8221;4.19.4&#8243; _module_preset=&#8221;default&#8221; custom_css_main_element=&#8221;margin: auto;&#8221; global_colors_info=&#8221;{}&#8221;][et_pb_image src=&#8221;https:\/\/horecafs.org\/web\/wp-content\/uploads\/2022\/12\/logo-farm-advisory.png&#8221; title_text=&#8221;logo farm advisory&#8221; url=&#8221;https:\/\/farm-advisory.eu\/en\/&#8221; url_new_window=&#8221;on&#8221; _builder_version=&#8221;4.19.4&#8243; _module_preset=&#8221;default&#8221; global_colors_info=&#8221;{}&#8221;][\/et_pb_image][\/et_pb_column][et_pb_column type=&#8221;1_5&#8243; _builder_version=&#8221;4.19.4&#8243; _module_preset=&#8221;default&#8221; custom_css_main_element=&#8221;margin: auto;&#8221; global_colors_info=&#8221;{}&#8221;][et_pb_image src=&#8221;https:\/\/horecafs.org\/web\/wp-content\/uploads\/2022\/12\/LOGO-SUA-Nitra.png&#8221; title_text=&#8221;LOGO SUA Nitra&#8221; url=&#8221;https:\/\/www.uniag.sk\/en\/main-page&#8221; url_new_window=&#8221;on&#8221; _builder_version=&#8221;4.19.4&#8243; _module_preset=&#8221;default&#8221; global_colors_info=&#8221;{}&#8221;][\/et_pb_image][\/et_pb_column][\/et_pb_row][et_pb_row column_structure=&#8221;1_5,1_5,1_5,1_5,1_5&#8243; _builder_version=&#8221;4.19.4&#8243; _module_preset=&#8221;default&#8221; custom_padding=&#8221;|20px|||false|false&#8221; border_width_right=&#8221;5px&#8221; border_color_right=&#8221;#2800BA&#8221; border_width_bottom=&#8221;5px&#8221; border_color_bottom=&#8221;#2800BA&#8221; global_colors_info=&#8221;{}&#8221;][et_pb_column type=&#8221;1_5&#8243; _builder_version=&#8221;4.19.4&#8243; _module_preset=&#8221;default&#8221; global_colors_info=&#8221;{}&#8221;][et_pb_text _builder_version=&#8221;4.19.4&#8243; _module_preset=&#8221;default&#8221; custom_margin=&#8221;|||-30px|false|false&#8221; custom_padding=&#8221;||||false|false&#8221; link_option_url=&#8221;https:\/\/global.comu.edu.tr\/&#8221; link_option_url_new_window=&#8221;on&#8221; global_colors_info=&#8221;{}&#8221;]<\/p>\n<h2 style=\"text-align: center;\">COMU<\/h2>\n<p>[\/et_pb_text][\/et_pb_column][et_pb_column type=&#8221;1_5&#8243; _builder_version=&#8221;4.19.4&#8243; _module_preset=&#8221;default&#8221; global_colors_info=&#8221;{}&#8221;][et_pb_text _builder_version=&#8221;4.19.4&#8243; _module_preset=&#8221;default&#8221; link_option_url=&#8221;https:\/\/ctnc.es\/&#8221; link_option_url_new_window=&#8221;on&#8221; global_colors_info=&#8221;{}&#8221;]<\/p>\n<h2 style=\"text-align: center;\">CTNC<\/h2>\n<p>[\/et_pb_text][\/et_pb_column][et_pb_column type=&#8221;1_5&#8243; _builder_version=&#8221;4.19.4&#8243; _module_preset=&#8221;default&#8221; global_colors_info=&#8221;{}&#8221;][et_pb_text _builder_version=&#8221;4.19.4&#8243; _module_preset=&#8221;default&#8221; link_option_url=&#8221;https:\/\/www.iseki-food.net\/&#8221; link_option_url_new_window=&#8221;on&#8221; global_colors_info=&#8221;{}&#8221;]<\/p>\n<h2 style=\"text-align: center;\">ISEKI<\/h2>\n<p>[\/et_pb_text][\/et_pb_column][et_pb_column type=&#8221;1_5&#8243; _builder_version=&#8221;4.19.4&#8243; _module_preset=&#8221;default&#8221; global_colors_info=&#8221;{}&#8221;][et_pb_text _builder_version=&#8221;4.19.4&#8243; _module_preset=&#8221;default&#8221; link_option_url=&#8221;https:\/\/farm-advisory.eu\/en\/&#8221; link_option_url_new_window=&#8221;on&#8221; global_colors_info=&#8221;{}&#8221;]<\/p>\n<h2 style=\"text-align: center;\">PFA<\/h2>\n<p>[\/et_pb_text][\/et_pb_column][et_pb_column type=&#8221;1_5&#8243; _builder_version=&#8221;4.19.4&#8243; _module_preset=&#8221;default&#8221; global_colors_info=&#8221;{}&#8221;][et_pb_text _builder_version=&#8221;4.19.4&#8243; _module_preset=&#8221;default&#8221; custom_padding=&#8221;|||30px|false|false&#8221; link_option_url=&#8221;https:\/\/www.uniag.sk\/en\/main-page&#8221; link_option_url_new_window=&#8221;on&#8221; global_colors_info=&#8221;{}&#8221;]<\/p>\n<h2 style=\"text-align: center;\">SUA<\/h2>\n<p>[\/et_pb_text][\/et_pb_column][\/et_pb_row][\/et_pb_section]<\/p>\n","protected":false},"excerpt":{"rendered":"<p>HORECA ProjektStrategien zur Verbesserung der Qualifikationdes Catering-Personals von Hotelrestaurants in Bezugauf Lebensmittelsicherheit und HygienepraktikenKA220-VET &#8211; Cooperation partnerships in vocational education and training 2021-1-SK01-KA220-VET-000034652Ziele des Projekts: \u2666 Unterst\u00fctzung der Arbeitnehmer:innen im HORECA-Sektor und Reduktion des unlauteren Wettbewerbs bei der Vermarktung von Lebensmitteln. \u2666 Bereitstellung von Aus- und Weiterbildungsm\u00f6glichkeiten f\u00fcr gering qualifizierte HORECA-Arbeitnehmer:innen. \u2666 Steigerung der beruflichen [&hellip;]<\/p>\n","protected":false},"author":1,"featured_media":0,"parent":0,"menu_order":0,"comment_status":"closed","ping_status":"closed","template":"","meta":{"_et_pb_use_builder":"on","_et_pb_old_content":"","_et_gb_content_width":"","footnotes":""},"class_list":["post-1683","page","type-page","status-publish","hentry"],"_links":{"self":[{"href":"https:\/\/horecafs.org\/web\/wp-json\/wp\/v2\/pages\/1683","targetHints":{"allow":["GET"]}}],"collection":[{"href":"https:\/\/horecafs.org\/web\/wp-json\/wp\/v2\/pages"}],"about":[{"href":"https:\/\/horecafs.org\/web\/wp-json\/wp\/v2\/types\/page"}],"author":[{"embeddable":true,"href":"https:\/\/horecafs.org\/web\/wp-json\/wp\/v2\/users\/1"}],"replies":[{"embeddable":true,"href":"https:\/\/horecafs.org\/web\/wp-json\/wp\/v2\/comments?post=1683"}],"version-history":[{"count":7,"href":"https:\/\/horecafs.org\/web\/wp-json\/wp\/v2\/pages\/1683\/revisions"}],"predecessor-version":[{"id":1756,"href":"https:\/\/horecafs.org\/web\/wp-json\/wp\/v2\/pages\/1683\/revisions\/1756"}],"wp:attachment":[{"href":"https:\/\/horecafs.org\/web\/wp-json\/wp\/v2\/media?parent=1683"}],"curies":[{"name":"wp","href":"https:\/\/api.w.org\/{rel}","templated":true}]}}