{"id":1698,"date":"2023-09-22T11:19:39","date_gmt":"2023-09-22T11:19:39","guid":{"rendered":"https:\/\/horecafs.org\/web\/?page_id=1698"},"modified":"2024-10-07T11:23:24","modified_gmt":"2024-10-07T11:23:24","slug":"projektergebnisse","status":"publish","type":"page","link":"https:\/\/horecafs.org\/web\/de\/projektergebnisse\/","title":{"rendered":"Projektergebnisse"},"content":{"rendered":"<p>[et_pb_section fb_built=&#8221;1&#8243; custom_padding_last_edited=&#8221;off|tablet&#8221; admin_label=&#8221;Header&#8221; _builder_version=&#8221;4.19.4&#8243; _module_preset=&#8221;default&#8221; background_enable_color=&#8221;off&#8221; use_background_color_gradient=&#8221;on&#8221; background_color_gradient_direction=&#8221;90deg&#8221; background_color_gradient_stops=&#8221;#2800ba 0%|rgba(0,0,0,0) 100%&#8221; background_color_gradient_overlays_image=&#8221;on&#8221; background_color_gradient_start=&#8221;#8300e9&#8243; background_color_gradient_end=&#8221;rgba(0,0,0,0)&#8221; background_image=&#8221;https:\/\/horecafs.org\/web\/wp-content\/uploads\/2023\/01\/blue-1_ext-1.png&#8221; custom_padding=&#8221;10vw||0px||false|false&#8221; custom_padding_tablet=&#8221;||||false|false&#8221; global_colors_info=&#8221;{}&#8221;][et_pb_row _builder_version=&#8221;4.16&#8243; _module_preset=&#8221;default&#8221; global_colors_info=&#8221;{}&#8221;][et_pb_column type=&#8221;4_4&#8243; _builder_version=&#8221;4.16&#8243; _module_preset=&#8221;default&#8221; global_colors_info=&#8221;{}&#8221;][et_pb_divider show_divider=&#8221;off&#8221; _builder_version=&#8221;4.19.4&#8243; _module_preset=&#8221;default&#8221; background_image=&#8221;https:\/\/horecafs.org\/wp-content\/uploads\/2022\/12\/high-school_48.png&#8221; background_size=&#8221;initial&#8221; background_position=&#8221;top_left&#8221; background_repeat=&#8221;repeat-x&#8221; custom_margin=&#8221;|380px|10px|-30vw|false|false&#8221; global_colors_info=&#8221;{}&#8221;][\/et_pb_divider][et_pb_text _builder_version=&#8221;4.19.4&#8243; _module_preset=&#8221;e598b17a-9229-42f6-b238-019d6094332e&#8221; header_font=&#8221;ABeeZee|500|||||||&#8221; header_text_color=&#8221;#FFFFFF&#8221; header_font_size=&#8221;80px&#8221; header_line_height=&#8221;1.15em&#8221; max_width=&#8221;800px&#8221; header_font_size_tablet=&#8221;40px&#8221; header_font_size_phone=&#8221;24px&#8221; header_font_size_last_edited=&#8221;on|desktop&#8221; locked=&#8221;off&#8221; global_colors_info=&#8221;{}&#8221;]<\/p>\n<h1>Ausgaben<\/h1>\n<h1><span style=\"font-weight: 400;\">Projektergebnisse<\/span><\/h1>\n<p>[\/et_pb_text][\/et_pb_column][\/et_pb_row][\/et_pb_section][et_pb_section fb_built=&#8221;1&#8243; _builder_version=&#8221;4.19.4&#8243; _module_preset=&#8221;default&#8221; global_colors_info=&#8221;{}&#8221;][et_pb_row _builder_version=&#8221;4.19.4&#8243; _module_preset=&#8221;default&#8221; global_colors_info=&#8221;{}&#8221;][et_pb_column type=&#8221;4_4&#8243; _builder_version=&#8221;4.19.4&#8243; _module_preset=&#8221;default&#8221; global_colors_info=&#8221;{}&#8221;][et_pb_text _builder_version=&#8221;4.19.4&#8243; _module_preset=&#8221;default&#8221; hover_enabled=&#8221;0&#8243; global_colors_info=&#8221;{}&#8221; sticky_enabled=&#8221;0&#8243;]<\/p>\n<h1><span style=\"font-weight: 400;\">PR1: <a href=\"https:\/\/horecafs.org\/web\/wp-content\/uploads\/2024\/10\/Horeca-Food-Safety-and-Hygiene-Practices-Training-Programme-DE.pdf\" target=\"_blank\" rel=\"noopener\" title=\"Schulungsprogramm zu Lebensmittelsicherheit und Hygienepraktiken im Horeca-Bereich\">Schulungsprogramm zu Lebensmittelsicherheit und Hygienepraktiken im Horeca-Bereich<\/a><\/span><\/h1>\n<p><span style=\"font-weight: 400;\"><a href=\"https:\/\/horecafs.org\/web\/wp-content\/uploads\/2024\/10\/Horeca-Food-Safety-and-Hygiene-Practices-Training-Programme-DE.pdf\" rel=\"attachment wp-att-1862\">Horeca Food Safety and Hygiene Practices Training Programme DE<\/a><\/span><\/p>\n<p>[\/et_pb_text][et_pb_text _builder_version=&#8221;4.19.4&#8243; _module_preset=&#8221;default&#8221; hover_enabled=&#8221;0&#8243; global_colors_info=&#8221;{}&#8221; sticky_enabled=&#8221;0&#8243;]<\/p>\n<h1><span style=\"font-weight: 400;\">PR2: <a href=\"https:\/\/horecafs.org\/web\/wp-content\/uploads\/2024\/10\/Guidebook-DE.pdf\" target=\"_blank\" rel=\"noopener\" title=\"Leitfaden f\u00fcr Ausbilder:innen in der HORECA-Berufsbildug \u2013 wird hinzugef\u00fcgt\">Leitfaden f\u00fcr Ausbilder:innen in der HORECA-Berufsbildug<\/a><\/span><\/h1>\n<p><span style=\"font-weight: 400;\"><a href=\"https:\/\/horecafs.org\/web\/wp-content\/uploads\/2024\/10\/Guidebook-DE-1.pdf\" rel=\"attachment noopener wp-att-1867\" target=\"_blank\" title=\"Reisef\u00fchrer\">Reisef\u00fchrer<\/a><\/span><\/p>\n<p><span style=\"font-weight: 400;\"><\/span><\/p>\n<p>[\/et_pb_text][et_pb_text _builder_version=&#8221;4.19.4&#8243; _module_preset=&#8221;default&#8221; hover_enabled=&#8221;0&#8243; global_colors_info=&#8221;{}&#8221; sticky_enabled=&#8221;0&#8243;]<\/p>\n<h1><span style=\"font-weight: 400;\">PR3: <a href=\"https:\/\/horecafs.org\/lms\/\" target=\"_blank\" rel=\"noopener\" title=\"E-Learning-Plattform\u00a0\">E-Learning-Plattform\u00a0<\/a><\/span><\/h1>\n<p>[\/et_pb_text][\/et_pb_column][\/et_pb_row][et_pb_row _builder_version=&#8221;4.19.4&#8243; _module_preset=&#8221;default&#8221; border_width_top=&#8221;5px&#8221; border_color_top=&#8221;#2800ba&#8221; border_width_left=&#8221;5px&#8221; border_color_left=&#8221;#2800BA&#8221; global_colors_info=&#8221;{}&#8221;][et_pb_column type=&#8221;4_4&#8243; _builder_version=&#8221;4.19.4&#8243; _module_preset=&#8221;default&#8221; global_colors_info=&#8221;{}&#8221;][et_pb_text _builder_version=&#8221;4.19.4&#8243; _module_preset=&#8221;default&#8221; custom_padding=&#8221;|||20px|false|false&#8221; global_colors_info=&#8221;{}&#8221;]<\/p>\n<p style=\"text-align: justify;\"><b>F\u00fcr Fachleute, die in diesem Sektor t\u00e4tig sind, werden die Schulungen, Werkzeuge und Stratgien folgende Auswirkungen haben:<\/b><\/p>\n<p style=\"text-align: justify;\"><span style=\"font-weight: 400;\">\u2013 Erwerb neuer beruflicher, sozialer und interkultureller Kompetenzen durch den Vergleich mit anderen europ\u00e4ischen Strategien und p\u00e4dagogischen Ans\u00e4tzen sowie den Austausch mit anderen Kollegen<\/span><\/p>\n<p style=\"text-align: justify;\"><span style=\"font-weight: 400;\">\u2013 Integrations- und Anpassungsf\u00e4higkeit an ein internationales Arbeitsumfeld, F\u00e4higkeit zur Anpassung an Ver\u00e4nderungen und Flexibilit\u00e4t bei der Arbeit auf europ\u00e4ischer Ebene, durch die Vermittlung von:<\/span><\/p>\n<ul style=\"text-align: justify;\">\n<li style=\"font-weight: 400;\" aria-level=\"1\"><span style=\"font-weight: 400;\">Zwischenmenschliche F\u00e4higkeiten in neuen Arbeitskontexten;<\/span><\/li>\n<li style=\"font-weight: 400;\" aria-level=\"1\"><span style=\"font-weight: 400;\">Interkulturelle und europ\u00e4ische Sensibilisierung;<\/span><\/li>\n<li style=\"font-weight: 400;\" aria-level=\"1\"><span style=\"font-weight: 400;\">F\u00e4higkeiten oder IKT, die sich aus der umfassenden Nutzung digitaler und multimedialer Werkzeuge, die w\u00e4hrend des Projekts eingesetzt wurden, sowie aus der Verwendung s\u00e4mtlicher Kommunikationssprachen \u2013 ikonisch, konventionell und emotional &#8211; ergeben.<\/span><\/li>\n<\/ul>\n<p style=\"text-align: justify;\">\n<p style=\"text-align: justify;\"><span style=\"font-weight: 400;\">Die entwickelten Strategien zielen darauf ab, die Qualit\u00e4t und Effizienz von Ausbildungsumgebungen zu verbessern, insbesondere in den Bereichen der Verbesserung beruflicher F\u00e4higkeiten, der Verbesserung der Qualit\u00e4t von Arbeitsumgebungen und -bedingungen durch die Verbesserung des Kenntnisstandes der HORECA-Arbeitnehmer:innen in Bezug auf Lebensmittelsicherheit und Hygienepraktiken, um die Chancen auf ein besseres und komfortableres Leben in Europa zu erh\u00f6hen.<\/span><\/p>\n<p>[\/et_pb_text][\/et_pb_column][\/et_pb_row][\/et_pb_section]<\/p>\n","protected":false},"excerpt":{"rendered":"<p>Ausgaben ProjektergebnissePR1: Schulungsprogramm zu Lebensmittelsicherheit und Hygienepraktiken im Horeca-Bereich Horeca Food Safety and Hygiene Practices Training Programme DEPR2: Leitfaden f\u00fcr Ausbilder:innen in der HORECA-Berufsbildug Reisef\u00fchrer PR3: E-Learning-Plattform\u00a0F\u00fcr Fachleute, die in diesem Sektor t\u00e4tig sind, werden die Schulungen, Werkzeuge und Stratgien folgende Auswirkungen haben: \u2013 Erwerb neuer beruflicher, sozialer und interkultureller Kompetenzen durch den Vergleich mit [&hellip;]<\/p>\n","protected":false},"author":1,"featured_media":0,"parent":0,"menu_order":0,"comment_status":"closed","ping_status":"closed","template":"","meta":{"_et_pb_use_builder":"on","_et_pb_old_content":"","_et_gb_content_width":"","footnotes":""},"class_list":["post-1698","page","type-page","status-publish","hentry"],"_links":{"self":[{"href":"https:\/\/horecafs.org\/web\/wp-json\/wp\/v2\/pages\/1698","targetHints":{"allow":["GET"]}}],"collection":[{"href":"https:\/\/horecafs.org\/web\/wp-json\/wp\/v2\/pages"}],"about":[{"href":"https:\/\/horecafs.org\/web\/wp-json\/wp\/v2\/types\/page"}],"author":[{"embeddable":true,"href":"https:\/\/horecafs.org\/web\/wp-json\/wp\/v2\/users\/1"}],"replies":[{"embeddable":true,"href":"https:\/\/horecafs.org\/web\/wp-json\/wp\/v2\/comments?post=1698"}],"version-history":[{"count":7,"href":"https:\/\/horecafs.org\/web\/wp-json\/wp\/v2\/pages\/1698\/revisions"}],"predecessor-version":[{"id":1868,"href":"https:\/\/horecafs.org\/web\/wp-json\/wp\/v2\/pages\/1698\/revisions\/1868"}],"wp:attachment":[{"href":"https:\/\/horecafs.org\/web\/wp-json\/wp\/v2\/media?parent=1698"}],"curies":[{"name":"wp","href":"https:\/\/api.w.org\/{rel}","templated":true}]}}